{"id":3,"date":"2018-07-19T15:35:37","date_gmt":"2018-07-19T15:35:37","guid":{"rendered":"http:\/\/organizadorprofesional.com\/pt\/?page_id=3"},"modified":"2025-03-06T08:37:50","modified_gmt":"2025-03-06T08:37:50","slug":"politica-de-privacidade","status":"publish","type":"page","link":"https:\/\/organizadorprofesional.com\/pt\/politica-de-privacidade\/","title":{"rendered":"Pol\u00edtica de privacidade"},"content":{"rendered":"\n<section class=\"cuerpo-politicas\">\n  <article class=\"cuerpo\">\n    <h2>Pol\u00edtica de privacidade<\/h2>\n    <p>A pessoa respons\u00e1vel pelo tratamento dos dados de identifica\u00e7\u00e3o pessoal recolhidos atrav\u00e9s do site acedido a partir do dom\u00ednio organizadorprofesional.com \u00e9 a Relocation Management Spain, S.L. com CIF B85379709 e endere\u00e7o na Calle Casto Loarce 7, Getafe 28906 Madrid.<\/p>\n    <p>Todos os dados fornecidos pelos usu\u00e1rios como resultado do uso e\/ou solicita\u00e7\u00e3o dos servi\u00e7os oferecidos pela Relocation Management Spain, S.L. Atrav\u00e9s da Web, eles ser\u00e3o submetidos a um tratamento automatizado e incorporados nos arquivos correspondentes cujo controlador \u00e9 Relocation Management Spain, S.L. Os usu\u00e1rios que fornecerem dados pessoais consentem inequivocamente \u00e0 incorpora\u00e7\u00e3o dos dados fornecidos a esses arquivos automatizados e ao tratamento informatizado. o mesmo para fins publicit\u00e1rios e de prospec\u00e7\u00e3o comercial. Quando a utiliza\u00e7\u00e3o ou solicita\u00e7\u00e3o de qualquer servi\u00e7o exigir o fornecimento de dados pessoais, os usu\u00e1rios garantir\u00e3o sua exatid\u00e3o, autenticidade e validade. Com base no exposto, os usu\u00e1rios ter\u00e3o a obriga\u00e7\u00e3o de manter os dados atualizados, de forma que correspondam \u00e0 realidade em todos os momentos.<\/p>\n    <p>Os utilizadores cujos dados sejam objecto de tratamento podem exercer livremente os direitos de oposi\u00e7\u00e3o, acesso e informa\u00e7\u00e3o, rectifica\u00e7\u00e3o, cancelamento dos seus dados e revoga\u00e7\u00e3o da sua autoriza\u00e7\u00e3o, sem efeitos retroactivos nos termos previstos na Lei Org\u00e2nica 15\/1999 de Protec\u00e7\u00e3o de Dados. e Regulamento que o desenvolve, de acordo com o procedimento legalmente estabelecido. Estes direitos podem ser exercidos enviando um e-mail para <a href=\"mailto:info@gobalpersonalorganizer.com\">info@gobalpersonalorganizer.com<\/a> ou por comunica\u00e7\u00e3o escrita dirigida a Relocation Management Spain, S.L.. Os dados inclu\u00eddos nos arquivos automatizados de Relocation Management Spain, S.L. Eles s\u00f3 ser\u00e3o utilizados com a finalidade de permitir o desenvolvimento normal dos servi\u00e7os e informa\u00e7\u00f5es solicitadas pelos usu\u00e1rios, fazendo estat\u00edsticas e outros fins derivados das atividades e servi\u00e7os da Relocation Management Spain, S.L.<\/p>\n    <p>Ao fornecer-nos o seu endere\u00e7o de e-mail ou n\u00famero de telefone, estar\u00e1 a autorizar-nos expressamente a enviar-lhe comunica\u00e7\u00f5es publicit\u00e1rias ou promocionais atrav\u00e9s dos meios de contacto disponibilizados, de acordo com o disposto no artigo 21.\u00ba da Lei 34\/2002, de 11 de julho, de Servi\u00e7os da Sociedade da Informa\u00e7\u00e3o. Para o cancelamento de comunica\u00e7\u00f5es eletr\u00f4nicas, entre em contato com o respons\u00e1vel pelo site. Relocation Management Espanha, S.L. compromete-se a n\u00e3o recolher informa\u00e7\u00f5es desnecess\u00e1rias sobre os seus utilizadores, indicando-lhes no momento da recolha dos dados o car\u00e1ter obrigat\u00f3rio ou facultativo das respostas \u00e0s quest\u00f5es que lhe forem colocadas; tratar com extrema dilig\u00eancia as informa\u00e7\u00f5es pessoais que os usu\u00e1rios possam fornecer; e cumprir em qualquer fase do tratamento a obriga\u00e7\u00e3o de manter sigilo sobre os dados por eles fornecidos. Relocation Management Espanha, S.L. adoptou as medidas t\u00e9cnicas e organizativas necess\u00e1rias para garantir a seguran\u00e7a e integridade dos dados, bem como para evitar a sua altera\u00e7\u00e3o, perda, tratamento ou acesso n\u00e3o autorizado de acordo com a legisla\u00e7\u00e3o em vigor sobre protec\u00e7\u00e3o de dados. Relocation Management Espanha, S.L. reserva-se o direito de modificar a Pol\u00edtica de Privacidade, sempre nos termos permitidos pela legisla\u00e7\u00e3o espanhola vigente e comunica\u00e7\u00e3o pr\u00e9via aos interessados, seja por publica\u00e7\u00e3o nesta p\u00e1gina ou por qualquer outro meio de comunica\u00e7\u00e3o ou divulga\u00e7\u00e3o que considere adequado.<\/p>\n  <\/article>\n<\/section>\n","protected":false},"excerpt":{"rendered":"<p>Pol\u00edtica de privacidade A pessoa respons\u00e1vel pelo tratamento dos dados de identifica\u00e7\u00e3o pessoal recolhidos atrav\u00e9s do site acedido a partir do dom\u00ednio organizadorprofesional.com \u00e9 a Relocation Management Spain, S.L. com CIF B85379709 e endere\u00e7o na Calle Casto Loarce 7, Getafe 28906 Madrid. Todos os dados fornecidos pelos usu\u00e1rios como resultado do uso e\/ou solicita\u00e7\u00e3o dos [&hellip;]<\/p>\n","protected":false},"author":6,"featured_media":0,"parent":0,"menu_order":0,"comment_status":"closed","ping_status":"open","template":"","meta":{"footnotes":""},"class_list":["post-3","page","type-page","status-publish","hentry"],"yoast_head":"<!-- This site is optimized with the Yoast SEO plugin v24.9 - https:\/\/yoast.com\/wordpress\/plugins\/seo\/ -->\n<title>Pol\u00edtica de privacidade - Organizador profissional<\/title>\n<meta name=\"robots\" content=\"index, follow, max-snippet:-1, max-image-preview:large, max-video-preview:-1\" \/>\n<link rel=\"canonical\" href=\"https:\/\/organizadorprofesional.com\/pt\/politica-de-privacidade\/\" \/>\n<meta property=\"og:locale\" content=\"es_ES\" \/>\n<meta property=\"og:type\" content=\"article\" \/>\n<meta property=\"og:title\" content=\"Pol\u00edtica de privacidade - Organizador profissional\" \/>\n<meta property=\"og:description\" content=\"Pol\u00edtica de privacidade A pessoa respons\u00e1vel pelo tratamento dos dados de identifica\u00e7\u00e3o pessoal recolhidos atrav\u00e9s do site acedido a partir do dom\u00ednio organizadorprofesional.com \u00e9 a Relocation Management Spain, S.L. com CIF B85379709 e endere\u00e7o na Calle Casto Loarce 7, Getafe 28906 Madrid. Todos os dados fornecidos pelos usu\u00e1rios como resultado do uso e\/ou solicita\u00e7\u00e3o dos [&hellip;]\" \/>\n<meta property=\"og:url\" content=\"https:\/\/organizadorprofesional.com\/pt\/politica-de-privacidade\/\" \/>\n<meta property=\"og:site_name\" content=\"Organizador profissional\" \/>\n<meta property=\"article:modified_time\" content=\"2025-03-06T08:37:50+00:00\" \/>\n<meta name=\"twitter:card\" content=\"summary_large_image\" \/>\n<meta name=\"twitter:label1\" content=\"Tiempo de lectura\" \/>\n\t<meta name=\"twitter:data1\" content=\"3 minutos\" \/>\n<script type=\"application\/ld+json\" class=\"yoast-schema-graph\">{\"@context\":\"https:\/\/schema.org\",\"@graph\":[{\"@type\":\"WebPage\",\"@id\":\"https:\/\/organizadorprofesional.com\/pt\/politica-de-privacidade\/\",\"url\":\"https:\/\/organizadorprofesional.com\/pt\/politica-de-privacidade\/\",\"name\":\"Pol\u00edtica de privacidade - Organizador profissional\",\"isPartOf\":{\"@id\":\"https:\/\/organizadorprofesional.com\/pt\/#website\"},\"datePublished\":\"2018-07-19T15:35:37+00:00\",\"dateModified\":\"2025-03-06T08:37:50+00:00\",\"breadcrumb\":{\"@id\":\"https:\/\/organizadorprofesional.com\/pt\/politica-de-privacidade\/#breadcrumb\"},\"inLanguage\":\"es\",\"potentialAction\":[{\"@type\":\"ReadAction\",\"target\":[\"https:\/\/organizadorprofesional.com\/pt\/politica-de-privacidade\/\"]}]},{\"@type\":\"BreadcrumbList\",\"@id\":\"https:\/\/organizadorprofesional.com\/pt\/politica-de-privacidade\/#breadcrumb\",\"itemListElement\":[{\"@type\":\"ListItem\",\"position\":1,\"name\":\"Portada\",\"item\":\"https:\/\/organizadorprofesional.com\/pt\/\"},{\"@type\":\"ListItem\",\"position\":2,\"name\":\"Pol\u00edtica de privacidade\"}]},{\"@type\":\"WebSite\",\"@id\":\"https:\/\/organizadorprofesional.com\/pt\/#website\",\"url\":\"https:\/\/organizadorprofesional.com\/pt\/\",\"name\":\"Organizador profissional\",\"description\":\"Organizador profissional\",\"potentialAction\":[{\"@type\":\"SearchAction\",\"target\":{\"@type\":\"EntryPoint\",\"urlTemplate\":\"https:\/\/organizadorprofesional.com\/pt\/?s={search_term_string}\"},\"query-input\":{\"@type\":\"PropertyValueSpecification\",\"valueRequired\":true,\"valueName\":\"search_term_string\"}}],\"inLanguage\":\"es\"}]}<\/script>\n<!-- \/ Yoast SEO plugin. -->","yoast_head_json":{"title":"Pol\u00edtica de privacidade - Organizador profissional","robots":{"index":"index","follow":"follow","max-snippet":"max-snippet:-1","max-image-preview":"max-image-preview:large","max-video-preview":"max-video-preview:-1"},"canonical":"https:\/\/organizadorprofesional.com\/pt\/politica-de-privacidade\/","og_locale":"es_ES","og_type":"article","og_title":"Pol\u00edtica de privacidade - Organizador profissional","og_description":"Pol\u00edtica de privacidade A pessoa respons\u00e1vel pelo tratamento dos dados de identifica\u00e7\u00e3o pessoal recolhidos atrav\u00e9s do site acedido a partir do dom\u00ednio organizadorprofesional.com \u00e9 a Relocation Management Spain, S.L. com CIF B85379709 e endere\u00e7o na Calle Casto Loarce 7, Getafe 28906 Madrid. Todos os dados fornecidos pelos usu\u00e1rios como resultado do uso e\/ou solicita\u00e7\u00e3o dos [&hellip;]","og_url":"https:\/\/organizadorprofesional.com\/pt\/politica-de-privacidade\/","og_site_name":"Organizador profissional","article_modified_time":"2025-03-06T08:37:50+00:00","twitter_card":"summary_large_image","twitter_misc":{"Tiempo de lectura":"3 minutos"},"schema":{"@context":"https:\/\/schema.org","@graph":[{"@type":"WebPage","@id":"https:\/\/organizadorprofesional.com\/pt\/politica-de-privacidade\/","url":"https:\/\/organizadorprofesional.com\/pt\/politica-de-privacidade\/","name":"Pol\u00edtica de privacidade - Organizador profissional","isPartOf":{"@id":"https:\/\/organizadorprofesional.com\/pt\/#website"},"datePublished":"2018-07-19T15:35:37+00:00","dateModified":"2025-03-06T08:37:50+00:00","breadcrumb":{"@id":"https:\/\/organizadorprofesional.com\/pt\/politica-de-privacidade\/#breadcrumb"},"inLanguage":"es","potentialAction":[{"@type":"ReadAction","target":["https:\/\/organizadorprofesional.com\/pt\/politica-de-privacidade\/"]}]},{"@type":"BreadcrumbList","@id":"https:\/\/organizadorprofesional.com\/pt\/politica-de-privacidade\/#breadcrumb","itemListElement":[{"@type":"ListItem","position":1,"name":"Portada","item":"https:\/\/organizadorprofesional.com\/pt\/"},{"@type":"ListItem","position":2,"name":"Pol\u00edtica de privacidade"}]},{"@type":"WebSite","@id":"https:\/\/organizadorprofesional.com\/pt\/#website","url":"https:\/\/organizadorprofesional.com\/pt\/","name":"Organizador profissional","description":"Organizador profissional","potentialAction":[{"@type":"SearchAction","target":{"@type":"EntryPoint","urlTemplate":"https:\/\/organizadorprofesional.com\/pt\/?s={search_term_string}"},"query-input":{"@type":"PropertyValueSpecification","valueRequired":true,"valueName":"search_term_string"}}],"inLanguage":"es"}]}},"_links":{"self":[{"href":"https:\/\/organizadorprofesional.com\/pt\/wp-json\/wp\/v2\/pages\/3","targetHints":{"allow":["GET"]}}],"collection":[{"href":"https:\/\/organizadorprofesional.com\/pt\/wp-json\/wp\/v2\/pages"}],"about":[{"href":"https:\/\/organizadorprofesional.com\/pt\/wp-json\/wp\/v2\/types\/page"}],"author":[{"embeddable":true,"href":"https:\/\/organizadorprofesional.com\/pt\/wp-json\/wp\/v2\/users\/6"}],"replies":[{"embeddable":true,"href":"https:\/\/organizadorprofesional.com\/pt\/wp-json\/wp\/v2\/comments?post=3"}],"version-history":[{"count":13,"href":"https:\/\/organizadorprofesional.com\/pt\/wp-json\/wp\/v2\/pages\/3\/revisions"}],"predecessor-version":[{"id":1046,"href":"https:\/\/organizadorprofesional.com\/pt\/wp-json\/wp\/v2\/pages\/3\/revisions\/1046"}],"wp:attachment":[{"href":"https:\/\/organizadorprofesional.com\/pt\/wp-json\/wp\/v2\/media?parent=3"}],"curies":[{"name":"wp","href":"https:\/\/api.w.org\/{rel}","templated":true}]}}