{"id":640,"date":"2019-02-22T12:37:01","date_gmt":"2019-02-22T12:37:01","guid":{"rendered":"http:\/\/organizadorprofesional.com\/pt\/?page_id=640"},"modified":"2021-12-23T10:39:11","modified_gmt":"2021-12-23T10:39:11","slug":"politica-de-cookies","status":"publish","type":"page","link":"https:\/\/organizadorprofesional.com\/pt\/politica-de-cookies\/","title":{"rendered":"Pol\u00edtica de cookies"},"content":{"rendered":"\n<section class=\"cuerpo-politicas\">\n  <article class=\"cuerpo\">\n    <h2>Pol\u00edtica de cookies<\/h2>\n    <p>En nuestra web utilizamos cookies de anal\u00edtica web para medir y analizar la navegaci\u00f3n de los usuarios en nuestra p\u00e1gina web. Las cookies son peque\u00f1os archivos que se pueden instalar en su equipo a trav\u00e9s de las p\u00e1ginas web y que se alojan en su navegador durante un periodo de tiempo determinado previamente.<\/p>\n    <p>Las cookies de anal\u00edtica son aqu\u00e9llas que tienen la finalidad de cuantificar el n\u00famero de visitantes y analizar estad\u00edsticamente la utilizaci\u00f3n que hacen los usuarios de nuestros servicios. Gracias a ello podemos estudiar la navegaci\u00f3n por nuestra p\u00e1gina web, y mejorar as\u00ed la oferta de productos o servicios que le ofrecemos.<\/p>\n    <p>A trav\u00e9s de la anal\u00edtica web no obtenemos informaci\u00f3n de car\u00e1cter personal como su nombre, apellidos, su direcci\u00f3n de correo electr\u00f3nico o postal. La informaci\u00f3n que obtenemos es la relativa al n\u00famero de usuarios que acceden a la web, el n\u00famero de p\u00e1ginas vistas, la frecuencia y repetici\u00f3n de las visitas, su duraci\u00f3n, el navegador que utiliza, el operador que le presta el servicio de acceso a Internet, su idioma, el dispositivo usado para visualizar nuestra web o la ciudad a la que est\u00e1 asignada su direcci\u00f3n IP.<\/p>\n    <p>En nuestra web  utilizamos Google Analytics, un servicio de anal\u00edtica web desarrollada por Google, que presta un servicio de medici\u00f3n y an\u00e1lisis de la navegaci\u00f3n en nuestra p\u00e1gina web. Google puede utilizar los datos para mejorar sus servicios y ofrecer servicios a otras empresas. Puede encontrar m\u00e1s informaci\u00f3n al respecto e inhabilitar el uso de estas cookies aqu\u00ed<\/p>\n    <h3>\u00bfC\u00f3mo puedo deshabilitar las cookies en los principales navegadores?<\/h3>\n    <p><b>Internet Explorer<\/b>: Herramientas -&gt; Opciones de Internet -&gt; Privacidad -&gt; Configuraci\u00f3n. Para m\u00e1s informaci\u00f3n, puede consultar el soporte de <b><a href=\"http:\/\/windows.microsoft.com\/es-ES\/windows\/support#1TC=windows-7&amp;top-solutions=windows-7\" target=\"_blank\" rel=\"nofollow noopener noreferrer\">Microsoft<\/a><\/b> o la Ayuda del navegador.<\/p>\n    <p><b>Firefox<\/b>: Herramientas -&gt; Opciones -&gt; Privacidad -&gt; Historial -&gt; Configuraci\u00f3n Personalizada. Para m\u00e1s informaci\u00f3n, puede consultar el soporte de <b><a href=\"https:\/\/support.mozilla.org\/es\/\" target=\"_blank\" rel=\"nofollow noopener noreferrer\">Mozilla<\/a><\/b> o la Ayuda del navegador.<\/p>\n    <p><b>Chrome<\/b>: Configuraci\u00f3n -&gt; Mostrar opciones avanzadas -&gt; Privacidad -&gt; Configuraci\u00f3n de contenido. Para m\u00e1s informaci\u00f3n, puede consultar el soporte de <b><a href=\"https:\/\/support.google.com\/chrome\/?hl=es#topic=3227046\" target=\"_blank\" rel=\"nofollow noopener noreferrer\">Google<\/a><\/b> o la Ayuda del navegador.<\/p>\n    <p><b>Safari<\/b>: Preferencias -&gt; Seguridad. Para m\u00e1s informaci\u00f3n, puede consultar el soporte de <b><a href=\"http:\/\/www.apple.com\/es\/support\/mac-apps\/safari\/\" target=\"_blank\" rel=\"nofollow noopener noreferrer\">Apple<\/a><\/b> o la Ayuda del navegador.<\/p>\n  <\/article>\n<\/section>\n","protected":false},"excerpt":{"rendered":"<p>Pol\u00edtica de cookies En nuestra web utilizamos cookies de anal\u00edtica web para medir y analizar la navegaci\u00f3n de los usuarios en nuestra p\u00e1gina web. Las cookies son peque\u00f1os archivos que se pueden instalar en su equipo a trav\u00e9s de las p\u00e1ginas web y que se alojan en su navegador durante un periodo de tiempo determinado [&hellip;]<\/p>\n","protected":false},"author":6,"featured_media":0,"parent":0,"menu_order":0,"comment_status":"closed","ping_status":"closed","template":"","meta":{"footnotes":""},"class_list":["post-640","page","type-page","status-publish","hentry"],"yoast_head":"<!-- This site is optimized with the Yoast SEO plugin v24.9 - https:\/\/yoast.com\/wordpress\/plugins\/seo\/ -->\n<title>Pol\u00edtica de cookies - Organizador profissional<\/title>\n<meta name=\"robots\" content=\"index, follow, max-snippet:-1, max-image-preview:large, max-video-preview:-1\" \/>\n<link rel=\"canonical\" href=\"https:\/\/organizadorprofesional.com\/pt\/politica-de-cookies\/\" \/>\n<meta property=\"og:locale\" content=\"es_ES\" \/>\n<meta property=\"og:type\" content=\"article\" \/>\n<meta property=\"og:title\" content=\"Pol\u00edtica de cookies - Organizador profissional\" \/>\n<meta property=\"og:description\" content=\"Pol\u00edtica de cookies En nuestra web utilizamos cookies de anal\u00edtica web para medir y analizar la navegaci\u00f3n de los usuarios en nuestra p\u00e1gina web. Las cookies son peque\u00f1os archivos que se pueden instalar en su equipo a trav\u00e9s de las p\u00e1ginas web y que se alojan en su navegador durante un periodo de tiempo determinado [&hellip;]\" \/>\n<meta property=\"og:url\" content=\"https:\/\/organizadorprofesional.com\/pt\/politica-de-cookies\/\" \/>\n<meta property=\"og:site_name\" content=\"Organizador profissional\" \/>\n<meta property=\"article:modified_time\" content=\"2021-12-23T10:39:11+00:00\" \/>\n<meta name=\"twitter:card\" content=\"summary_large_image\" \/>\n<meta name=\"twitter:label1\" content=\"Tiempo de lectura\" \/>\n\t<meta name=\"twitter:data1\" content=\"2 minutos\" \/>\n<script type=\"application\/ld+json\" class=\"yoast-schema-graph\">{\"@context\":\"https:\/\/schema.org\",\"@graph\":[{\"@type\":\"WebPage\",\"@id\":\"https:\/\/organizadorprofesional.com\/pt\/politica-de-cookies\/\",\"url\":\"https:\/\/organizadorprofesional.com\/pt\/politica-de-cookies\/\",\"name\":\"Pol\u00edtica de cookies - Organizador profissional\",\"isPartOf\":{\"@id\":\"https:\/\/organizadorprofesional.com\/pt\/#website\"},\"datePublished\":\"2019-02-22T12:37:01+00:00\",\"dateModified\":\"2021-12-23T10:39:11+00:00\",\"breadcrumb\":{\"@id\":\"https:\/\/organizadorprofesional.com\/pt\/politica-de-cookies\/#breadcrumb\"},\"inLanguage\":\"es\",\"potentialAction\":[{\"@type\":\"ReadAction\",\"target\":[\"https:\/\/organizadorprofesional.com\/pt\/politica-de-cookies\/\"]}]},{\"@type\":\"BreadcrumbList\",\"@id\":\"https:\/\/organizadorprofesional.com\/pt\/politica-de-cookies\/#breadcrumb\",\"itemListElement\":[{\"@type\":\"ListItem\",\"position\":1,\"name\":\"Portada\",\"item\":\"https:\/\/organizadorprofesional.com\/pt\/\"},{\"@type\":\"ListItem\",\"position\":2,\"name\":\"Pol\u00edtica de cookies\"}]},{\"@type\":\"WebSite\",\"@id\":\"https:\/\/organizadorprofesional.com\/pt\/#website\",\"url\":\"https:\/\/organizadorprofesional.com\/pt\/\",\"name\":\"Organizador profissional\",\"description\":\"Organizador profissional\",\"potentialAction\":[{\"@type\":\"SearchAction\",\"target\":{\"@type\":\"EntryPoint\",\"urlTemplate\":\"https:\/\/organizadorprofesional.com\/pt\/?s={search_term_string}\"},\"query-input\":{\"@type\":\"PropertyValueSpecification\",\"valueRequired\":true,\"valueName\":\"search_term_string\"}}],\"inLanguage\":\"es\"}]}<\/script>\n<!-- \/ Yoast SEO plugin. -->","yoast_head_json":{"title":"Pol\u00edtica de cookies - Organizador profissional","robots":{"index":"index","follow":"follow","max-snippet":"max-snippet:-1","max-image-preview":"max-image-preview:large","max-video-preview":"max-video-preview:-1"},"canonical":"https:\/\/organizadorprofesional.com\/pt\/politica-de-cookies\/","og_locale":"es_ES","og_type":"article","og_title":"Pol\u00edtica de cookies - Organizador profissional","og_description":"Pol\u00edtica de cookies En nuestra web utilizamos cookies de anal\u00edtica web para medir y analizar la navegaci\u00f3n de los usuarios en nuestra p\u00e1gina web. Las cookies son peque\u00f1os archivos que se pueden instalar en su equipo a trav\u00e9s de las p\u00e1ginas web y que se alojan en su navegador durante un periodo de tiempo determinado [&hellip;]","og_url":"https:\/\/organizadorprofesional.com\/pt\/politica-de-cookies\/","og_site_name":"Organizador profissional","article_modified_time":"2021-12-23T10:39:11+00:00","twitter_card":"summary_large_image","twitter_misc":{"Tiempo de lectura":"2 minutos"},"schema":{"@context":"https:\/\/schema.org","@graph":[{"@type":"WebPage","@id":"https:\/\/organizadorprofesional.com\/pt\/politica-de-cookies\/","url":"https:\/\/organizadorprofesional.com\/pt\/politica-de-cookies\/","name":"Pol\u00edtica de cookies - Organizador profissional","isPartOf":{"@id":"https:\/\/organizadorprofesional.com\/pt\/#website"},"datePublished":"2019-02-22T12:37:01+00:00","dateModified":"2021-12-23T10:39:11+00:00","breadcrumb":{"@id":"https:\/\/organizadorprofesional.com\/pt\/politica-de-cookies\/#breadcrumb"},"inLanguage":"es","potentialAction":[{"@type":"ReadAction","target":["https:\/\/organizadorprofesional.com\/pt\/politica-de-cookies\/"]}]},{"@type":"BreadcrumbList","@id":"https:\/\/organizadorprofesional.com\/pt\/politica-de-cookies\/#breadcrumb","itemListElement":[{"@type":"ListItem","position":1,"name":"Portada","item":"https:\/\/organizadorprofesional.com\/pt\/"},{"@type":"ListItem","position":2,"name":"Pol\u00edtica de cookies"}]},{"@type":"WebSite","@id":"https:\/\/organizadorprofesional.com\/pt\/#website","url":"https:\/\/organizadorprofesional.com\/pt\/","name":"Organizador profissional","description":"Organizador profissional","potentialAction":[{"@type":"SearchAction","target":{"@type":"EntryPoint","urlTemplate":"https:\/\/organizadorprofesional.com\/pt\/?s={search_term_string}"},"query-input":{"@type":"PropertyValueSpecification","valueRequired":true,"valueName":"search_term_string"}}],"inLanguage":"es"}]}},"_links":{"self":[{"href":"https:\/\/organizadorprofesional.com\/pt\/wp-json\/wp\/v2\/pages\/640","targetHints":{"allow":["GET"]}}],"collection":[{"href":"https:\/\/organizadorprofesional.com\/pt\/wp-json\/wp\/v2\/pages"}],"about":[{"href":"https:\/\/organizadorprofesional.com\/pt\/wp-json\/wp\/v2\/types\/page"}],"author":[{"embeddable":true,"href":"https:\/\/organizadorprofesional.com\/pt\/wp-json\/wp\/v2\/users\/6"}],"replies":[{"embeddable":true,"href":"https:\/\/organizadorprofesional.com\/pt\/wp-json\/wp\/v2\/comments?post=640"}],"version-history":[{"count":6,"href":"https:\/\/organizadorprofesional.com\/pt\/wp-json\/wp\/v2\/pages\/640\/revisions"}],"predecessor-version":[{"id":838,"href":"https:\/\/organizadorprofesional.com\/pt\/wp-json\/wp\/v2\/pages\/640\/revisions\/838"}],"wp:attachment":[{"href":"https:\/\/organizadorprofesional.com\/pt\/wp-json\/wp\/v2\/media?parent=640"}],"curies":[{"name":"wp","href":"https:\/\/api.w.org\/{rel}","templated":true}]}}