{"id":7,"date":"2018-07-19T16:01:04","date_gmt":"2018-07-19T16:01:04","guid":{"rendered":"http:\/\/organizadorprofesional.com\/pt\/?page_id=7"},"modified":"2025-03-06T08:59:30","modified_gmt":"2025-03-06T08:59:30","slug":"home","status":"publish","type":"page","link":"https:\/\/organizadorprofesional.com\/pt\/","title":{"rendered":"Inicio"},"content":{"rendered":"\n<section class=\"cabecera-home\">\n  <article class=\"cuerpo\">\n    <div class=\"flexcontainer center\">\n      <div class=\"contenedor\">\n        <h1>Personal Organizer<\/h1>\n        <p>Com a ajuda de um organizador profissional, voc\u00ea pode colocar em ordem os espa\u00e7os que n\u00e3o sabe organizar e deixar de se preocupar, economizando tempo.<\/p>\n      <\/div>\n    <\/div>\n  <\/article>\n  <a href=\"#cuerpo1\" class=\"flechabajar\"><img decoding=\"async\" src=\"http:\/\/organizadorprofesional.com\/pt\/wp-content\/themes\/advtheme\/imgs\/flechabajar.png\" alt=\"\"><\/a>\n<\/section>\n<section class=\"intro-home\" id=\"cuerpo1\">\n  <article class=\"cuerpo\">\n    <h2 class=\"after center\">Como um Personal Organizer pode te ajudar?<\/h2>\n    <p>Seja no dia a dia ou no trabalho, os organizadores profissionais podem ajud\u00e1-lo, entre outras coisas, a fazer um bom uso do espa\u00e7o dispon\u00edvel, adquirir m\u00f3veis e outros elementos que permitam organizar e aproveitar o espa\u00e7o, usar os espa\u00e7os corretamente fazendo uma distribui\u00e7\u00e3o adequada do conte\u00fado, ensinando voc\u00ea a adquirir o que \u00e9 necess\u00e1rio e eliminar o que n\u00e3o \u00e9 necess\u00e1rio, e assim evitar o ac\u00famulo de objetos.<\/p>\n    <div class=\"owl-carousel\" id=\"owl-carousel-servicios\">\n      <div class=\"caja uno\">\n        <h4>01<\/h4>\n        <h5>Organizador de arm\u00e1rios<\/h5>\n        <a href=\"http:\/\/organizadorprofesional.com\/pt\/organizador-de-armarios\/\">MAIS INFORMA\u00c7\u00d5ES<\/a>\n      <\/div>\n      <div class=\"caja dos\">\n        <h4>02<\/h4>\n        <h5>Organizador de despensa<\/h5>\n        <a href=\"http:\/\/organizadorprofesional.com\/pt\/organizador-de-despensa\/\">MAIS INFORMA\u00c7\u00d5ES<\/a>\n      <\/div>\n      <div class=\"caja tres\">\n        <h4>03<\/h4>\n        <h5>Organiza\u00e7\u00e3o da sala de armazenamento<\/h5>\n        <a href=\"http:\/\/organizadorprofesional.com\/pt\/organizacao-da-sala-de-armazenamento\/\">MAIS INFORMA\u00c7\u00d5ES<\/a>\n      <\/div>\n      <div class=\"caja cuatro\">\n        <h4>04<\/h4>\n        <h5>Organizar uma mudan\u00e7a<\/h5>\n        <a href=\"http:\/\/organizadorprofesional.com\/pt\/organizar-uma-mudanca\/\">MAIS INFORMA\u00c7\u00d5ES<\/a>\n      <\/div>\n      <div class=\"caja cinco\">\n        <h4>05<\/h4>\n        <h5>Organizador de escrit\u00f3rio profissional<\/h5>\n        <a href=\"http:\/\/organizadorprofesional.com\/pt\/organizador-de-escritorio-profissional\/\">MAIS INFORMA\u00c7\u00d5ES<\/a>\n      <\/div>\n    <\/div>\n  <\/article>\n<\/section>\n<section class=\"banner-home\">\n  <img decoding=\"async\" src=\"http:\/\/organizadorprofesional.com\/pt\/wp-content\/themes\/advtheme\/imgs\/banner-home-resp.jpg\" class=\"resp\">\n  <article class=\"cuerpo\">\n    <div class=\"contenedor\">\n      <h2 class=\"after\">Em que \u00e1reas voc\u00ea trabalha?<\/h2>\n      <p>O organizador profissional pode ajud\u00e1-lo em uma s\u00e9rie de \u00e1reas como a gest\u00e3o rent\u00e1vel do espa\u00e7o f\u00edsico de instala\u00e7\u00f5es, armaz\u00e9ns, escrit\u00f3rios, etc. Em sua casa, ajuda-o a organizar arm\u00e1rios, gavetas, arrecada\u00e7\u00f5es, s\u00f3t\u00e3os, garagens. E no seu trabalho, na otimiza\u00e7\u00e3o da sua agenda e do seu hor\u00e1rio de trabalho para melhor aproveitamento e concilia\u00e7\u00e3o com a sua vida familiar.<\/p>\n      <p>Os organizadores profissionais n\u00e3o apenas organizam espa\u00e7os e agendas, mas tamb\u00e9m ensinamos como aplicar os conceitos de organiza\u00e7\u00e3o a todos os aspectos da sua vida para que voc\u00ea possa us\u00e1-los sempre que precisar. Este profissional pode se tornar seu melhor aliado.<\/p>\n      <!--<a href=\"http:\/\/organizadorprofesional.com\/pt\/organizador-profesional-de-casas\/\" class=\"btn\">MAIS INFORMA\u00c7\u00d5ES<\/a>-->\n    <\/div>\n  <\/article>\n<\/section>\n<section class=\"medio-home\">\n  <h2 class=\"after center\">O que \u00e9 um organizador profissional?<\/h2>\n  <p>O que \u00e9 um Personal  Organizer ou Organizador  Profissional \u00e9 uma pessoa com uma certa sensibilidade com quem pode ajud\u00e1-lo a aproveitar ao m\u00e1ximo o seu espa\u00e7o e o seu tempo, principalmente se voc\u00ea \u00e9 uma daquelas pessoas que, por mais espa\u00e7o que tenha dispon\u00edvel, n\u00e3o se sente capaz de ter ambientes ordenados e funcionais.<\/p>\n  <div class=\"owl-carousel\" id=\"owl-carousel-organizadorpersonal\">\n    <img decoding=\"async\" src=\"http:\/\/organizadorprofesional.com\/pt\/wp-content\/themes\/advtheme\/imgs\/medio-home-1.jpg\">\n    <img decoding=\"async\" src=\"http:\/\/organizadorprofesional.com\/pt\/wp-content\/themes\/advtheme\/imgs\/medio-home-2.jpg\">\n    <img decoding=\"async\" src=\"http:\/\/organizadorprofesional.com\/pt\/wp-content\/themes\/advtheme\/imgs\/medio-home-3.jpg\">\n  <\/div>\n<\/section>\n<section class=\"pide-presupuesto\">\n  <article class=\"cuerpo\">\n    <div class=\"img\"><\/div>\n    <div class=\"texto\">\n      <h2 class=\"after\">Pe\u00e7a uma cota\u00e7\u00e3o<\/h2>\n      <p>Se voc\u00ea est\u00e1 pensando em contratar um organizador profissional, n\u00e3o hesite em nos contatar. Conte-nos a sua ideia e n\u00f3s o ajudaremos a resolver seus problemas de desordem. Teremos tudo pronto em menos tempo do que voc\u00ea imagina!<\/p>\n      <!--<a href=\"http:\/\/organizadorprofesional.com\/pt\/taxas-do-organizador-profissional\/\" class=\"btn\">OR\u00c7AMENTO<\/a>-->\n    <\/div>\n  <\/article>\n<\/section>\n\n\n\n<p><\/p>\n","protected":false},"excerpt":{"rendered":"<p>Personal Organizer Com a ajuda de um organizador profissional, voc\u00ea pode colocar em ordem os espa\u00e7os que n\u00e3o sabe organizar e deixar de se preocupar, economizando tempo. Como um Personal Organizer pode te ajudar? Seja no dia a dia ou no trabalho, os organizadores profissionais podem ajud\u00e1-lo, entre outras coisas, a fazer um bom uso [&hellip;]<\/p>\n","protected":false},"author":6,"featured_media":0,"parent":0,"menu_order":0,"comment_status":"closed","ping_status":"closed","template":"","meta":{"footnotes":""},"class_list":["post-7","page","type-page","status-publish","hentry"],"yoast_head":"<!-- This site is optimized with the Yoast SEO plugin v24.9 - https:\/\/yoast.com\/wordpress\/plugins\/seo\/ -->\n<title>Personal Organizer<\/title>\n<meta name=\"description\" content=\"Quando o caos toma conta de voc\u00ea e de sua vida, \u00e9 fundamental ter a orienta\u00e7\u00e3o de um organizador profissional para te ajudar.\" \/>\n<meta name=\"robots\" content=\"index, follow, max-snippet:-1, max-image-preview:large, max-video-preview:-1\" \/>\n<link rel=\"canonical\" href=\"https:\/\/organizadorprofesional.com\/pt\/\" \/>\n<meta property=\"og:locale\" content=\"es_ES\" \/>\n<meta property=\"og:type\" content=\"article\" \/>\n<meta property=\"og:title\" content=\"Personal Organizer\" \/>\n<meta property=\"og:description\" content=\"Quando o caos toma conta de voc\u00ea e de sua vida, \u00e9 fundamental ter a orienta\u00e7\u00e3o de um organizador profissional para te ajudar.\" \/>\n<meta property=\"og:url\" content=\"https:\/\/organizadorprofesional.com\/pt\/\" \/>\n<meta property=\"og:site_name\" content=\"Organizador profissional\" \/>\n<meta property=\"article:modified_time\" content=\"2025-03-06T08:59:30+00:00\" \/>\n<meta property=\"og:image\" content=\"http:\/\/organizadorprofesional.com\/pt\/wp-content\/themes\/advtheme\/imgs\/flechabajar.png\" \/>\n<meta name=\"twitter:card\" content=\"summary_large_image\" \/>\n<meta name=\"twitter:label1\" content=\"Tiempo de lectura\" \/>\n\t<meta name=\"twitter:data1\" content=\"3 minutos\" \/>\n<script type=\"application\/ld+json\" class=\"yoast-schema-graph\">{\"@context\":\"https:\/\/schema.org\",\"@graph\":[{\"@type\":\"WebPage\",\"@id\":\"https:\/\/organizadorprofesional.com\/pt\/\",\"url\":\"https:\/\/organizadorprofesional.com\/pt\/\",\"name\":\"Personal Organizer\",\"isPartOf\":{\"@id\":\"https:\/\/organizadorprofesional.com\/pt\/#website\"},\"primaryImageOfPage\":{\"@id\":\"https:\/\/organizadorprofesional.com\/pt\/#primaryimage\"},\"image\":{\"@id\":\"https:\/\/organizadorprofesional.com\/pt\/#primaryimage\"},\"thumbnailUrl\":\"http:\/\/organizadorprofesional.com\/pt\/wp-content\/themes\/advtheme\/imgs\/flechabajar.png\",\"datePublished\":\"2018-07-19T16:01:04+00:00\",\"dateModified\":\"2025-03-06T08:59:30+00:00\",\"description\":\"Quando o caos toma conta de voc\u00ea e de sua vida, \u00e9 fundamental ter a orienta\u00e7\u00e3o de um organizador profissional para te ajudar.\",\"breadcrumb\":{\"@id\":\"https:\/\/organizadorprofesional.com\/pt\/#breadcrumb\"},\"inLanguage\":\"es\",\"potentialAction\":[{\"@type\":\"ReadAction\",\"target\":[\"https:\/\/organizadorprofesional.com\/pt\/\"]}]},{\"@type\":\"ImageObject\",\"inLanguage\":\"es\",\"@id\":\"https:\/\/organizadorprofesional.com\/pt\/#primaryimage\",\"url\":\"http:\/\/organizadorprofesional.com\/pt\/wp-content\/themes\/advtheme\/imgs\/flechabajar.png\",\"contentUrl\":\"http:\/\/organizadorprofesional.com\/pt\/wp-content\/themes\/advtheme\/imgs\/flechabajar.png\"},{\"@type\":\"BreadcrumbList\",\"@id\":\"https:\/\/organizadorprofesional.com\/pt\/#breadcrumb\",\"itemListElement\":[{\"@type\":\"ListItem\",\"position\":1,\"name\":\"Portada\",\"item\":\"https:\/\/organizadorprofesional.com\/pt\/\"},{\"@type\":\"ListItem\",\"position\":2,\"name\":\"Inicio\"}]},{\"@type\":\"WebSite\",\"@id\":\"https:\/\/organizadorprofesional.com\/pt\/#website\",\"url\":\"https:\/\/organizadorprofesional.com\/pt\/\",\"name\":\"Organizador profissional\",\"description\":\"Organizador profissional\",\"potentialAction\":[{\"@type\":\"SearchAction\",\"target\":{\"@type\":\"EntryPoint\",\"urlTemplate\":\"https:\/\/organizadorprofesional.com\/pt\/?s={search_term_string}\"},\"query-input\":{\"@type\":\"PropertyValueSpecification\",\"valueRequired\":true,\"valueName\":\"search_term_string\"}}],\"inLanguage\":\"es\"}]}<\/script>\n<!-- \/ Yoast SEO plugin. -->","yoast_head_json":{"title":"Personal Organizer","description":"Quando o caos toma conta de voc\u00ea e de sua vida, \u00e9 fundamental ter a orienta\u00e7\u00e3o de um organizador profissional para te ajudar.","robots":{"index":"index","follow":"follow","max-snippet":"max-snippet:-1","max-image-preview":"max-image-preview:large","max-video-preview":"max-video-preview:-1"},"canonical":"https:\/\/organizadorprofesional.com\/pt\/","og_locale":"es_ES","og_type":"article","og_title":"Personal Organizer","og_description":"Quando o caos toma conta de voc\u00ea e de sua vida, \u00e9 fundamental ter a orienta\u00e7\u00e3o de um organizador profissional para te ajudar.","og_url":"https:\/\/organizadorprofesional.com\/pt\/","og_site_name":"Organizador profissional","article_modified_time":"2025-03-06T08:59:30+00:00","og_image":[{"url":"http:\/\/organizadorprofesional.com\/pt\/wp-content\/themes\/advtheme\/imgs\/flechabajar.png","type":"","width":"","height":""}],"twitter_card":"summary_large_image","twitter_misc":{"Tiempo de lectura":"3 minutos"},"schema":{"@context":"https:\/\/schema.org","@graph":[{"@type":"WebPage","@id":"https:\/\/organizadorprofesional.com\/pt\/","url":"https:\/\/organizadorprofesional.com\/pt\/","name":"Personal Organizer","isPartOf":{"@id":"https:\/\/organizadorprofesional.com\/pt\/#website"},"primaryImageOfPage":{"@id":"https:\/\/organizadorprofesional.com\/pt\/#primaryimage"},"image":{"@id":"https:\/\/organizadorprofesional.com\/pt\/#primaryimage"},"thumbnailUrl":"http:\/\/organizadorprofesional.com\/pt\/wp-content\/themes\/advtheme\/imgs\/flechabajar.png","datePublished":"2018-07-19T16:01:04+00:00","dateModified":"2025-03-06T08:59:30+00:00","description":"Quando o caos toma conta de voc\u00ea e de sua vida, \u00e9 fundamental ter a orienta\u00e7\u00e3o de um organizador profissional para te ajudar.","breadcrumb":{"@id":"https:\/\/organizadorprofesional.com\/pt\/#breadcrumb"},"inLanguage":"es","potentialAction":[{"@type":"ReadAction","target":["https:\/\/organizadorprofesional.com\/pt\/"]}]},{"@type":"ImageObject","inLanguage":"es","@id":"https:\/\/organizadorprofesional.com\/pt\/#primaryimage","url":"http:\/\/organizadorprofesional.com\/pt\/wp-content\/themes\/advtheme\/imgs\/flechabajar.png","contentUrl":"http:\/\/organizadorprofesional.com\/pt\/wp-content\/themes\/advtheme\/imgs\/flechabajar.png"},{"@type":"BreadcrumbList","@id":"https:\/\/organizadorprofesional.com\/pt\/#breadcrumb","itemListElement":[{"@type":"ListItem","position":1,"name":"Portada","item":"https:\/\/organizadorprofesional.com\/pt\/"},{"@type":"ListItem","position":2,"name":"Inicio"}]},{"@type":"WebSite","@id":"https:\/\/organizadorprofesional.com\/pt\/#website","url":"https:\/\/organizadorprofesional.com\/pt\/","name":"Organizador profissional","description":"Organizador profissional","potentialAction":[{"@type":"SearchAction","target":{"@type":"EntryPoint","urlTemplate":"https:\/\/organizadorprofesional.com\/pt\/?s={search_term_string}"},"query-input":{"@type":"PropertyValueSpecification","valueRequired":true,"valueName":"search_term_string"}}],"inLanguage":"es"}]}},"_links":{"self":[{"href":"https:\/\/organizadorprofesional.com\/pt\/wp-json\/wp\/v2\/pages\/7","targetHints":{"allow":["GET"]}}],"collection":[{"href":"https:\/\/organizadorprofesional.com\/pt\/wp-json\/wp\/v2\/pages"}],"about":[{"href":"https:\/\/organizadorprofesional.com\/pt\/wp-json\/wp\/v2\/types\/page"}],"author":[{"embeddable":true,"href":"https:\/\/organizadorprofesional.com\/pt\/wp-json\/wp\/v2\/users\/6"}],"replies":[{"embeddable":true,"href":"https:\/\/organizadorprofesional.com\/pt\/wp-json\/wp\/v2\/comments?post=7"}],"version-history":[{"count":116,"href":"https:\/\/organizadorprofesional.com\/pt\/wp-json\/wp\/v2\/pages\/7\/revisions"}],"predecessor-version":[{"id":1050,"href":"https:\/\/organizadorprofesional.com\/pt\/wp-json\/wp\/v2\/pages\/7\/revisions\/1050"}],"wp:attachment":[{"href":"https:\/\/organizadorprofesional.com\/pt\/wp-json\/wp\/v2\/media?parent=7"}],"curies":[{"name":"wp","href":"https:\/\/api.w.org\/{rel}","templated":true}]}}