{"id":865,"date":"2022-04-06T14:26:54","date_gmt":"2022-04-06T14:26:54","guid":{"rendered":"http:\/\/organizadorprofesional.com\/pt\/?page_id=865"},"modified":"2022-05-03T13:29:23","modified_gmt":"2022-05-03T13:29:23","slug":"organizar-uma-mudanca","status":"publish","type":"page","link":"https:\/\/organizadorprofesional.com\/pt\/organizar-uma-mudanca\/","title":{"rendered":"Organizar uma mudan\u00e7a"},"content":{"rendered":"\n<section class=\"cabecera-interior mudanzas\">\n  <article class=\"cuerpo\">\n    <h1>Organizar uma mudan\u00e7a<\/h1>\n  <\/article>\n<\/section>\n<section class=\"intro-servicios\">\n  <article class=\"cuerpo\">\n    <h2 class=\"after center\">Como organizar uma mudan\u00e7a<\/h2>\n    <p class=\"intro\">Mover-se \u00e9 uma das tarefas mais estressantes para qualquer um de n\u00f3s e que, inevitavelmente, teremos que faz\u00ea-lo em algum momento de nossas vidas. Por isso, contar com um bom profissional para te ajudar a organizar uma mudan\u00e7a \u00e9 uma \u00f3tima ideia.<\/p>\n    <div class=\"contenedor\">\n      <div class=\"cajon\">\n        <h2 class=\"after\">Como isso ajuda voc\u00ea?<\/h2>\n        <p>Voc\u00ea vai mudar de casa? Ent\u00e3o descubra as vantagens de ter um organizador de mudan\u00e7as profissional durante esse processo.<\/p>\n        <p>Antes da mudan\u00e7a mencionada, voc\u00ea tem muitas coisas para organizar. Encontre todas as caixas que ser\u00e3o necess\u00e1rias, antecipe o tempo que vai precisar ou reflita sobre como deve arrumar tudo sem perder nada. Um organizador profissional ir\u00e1 ajud\u00e1-lo e dar-lhe as melhores ideias.<\/p>\n        <p>Esses profissionais sabem muito bem como organizar uma mudan\u00e7a de forma eficaz, sem nos estressar, sobrecarregar ou cansar. Ele lhe dir\u00e1 como realizar todo o processo do in\u00edcio ao fim.<\/p>\n        <a href=\"#anclaform\" class=\"btn\">MAIS INFORMA\u00c7\u00d5ES<\/a>\n      <\/div>\n      <div class=\"img\">\n        <img decoding=\"async\" src=\"http:\/\/organizadorprofesional.com\/pt\/wp-content\/themes\/advtheme\/imgs\/intro-servicios-mudanzas.jpg\" alt=\"\">\n      <\/div>\n    <\/div>\n  <\/article>\n<\/section>\n<section class=\"banner-servicios\">\n  <article class=\"cuerpo\">\n    <h2 class=\"after center\">Vai organizar uma mudan\u00e7a?<\/h2>\n    <p>Dentro de GLOBAL GROUP, nuestro grupo empresarial, contamos con la compa\u00f1\u00eda Global International, dedicada a la inmigraci\u00f3n, relocation y mudanzas internacionales. Estos servicios se pueden ver en la p\u00e1gina web <a href=\"https:\/\/globalinternational.com\/\" target=\"_blank\" rel=\"noopener\">www.globalinternational.com<\/a>.&nbsp;Global International es la \u00fanica empresa de mudanzas internacionales en Espa\u00f1a que tiene cinco estrellas en Google y es el proveedor oficial del estado para los traslados internacionales del Cuerpo Diplom\u00e1tico Espa\u00f1ol y la realizaci\u00f3n de las mudanzas a las embajadas de todo el mundo.<\/p>\n    <div class=\"centrar\">\n      <img decoding=\"async\" src=\"http:\/\/organizadorprofesional.com\/pt\/wp-content\/themes\/advtheme\/imgs\/logoblobal.png\" alt=\"\">\n      <a href=\"https:\/\/globalinternational.com\/\" target=\"_blank\" class=\"btn\" rel=\"noopener\">IR A LA WEB<\/a>\n    <\/div>\n  <\/article>\n  <div class=\"fondobanner mudanzas\">\n    <h2>Gra\u00e7as \u00e0 ajuda de um organizador profissional, realizar uma mudan\u00e7a n\u00e3o ser\u00e1 t\u00e3o complicado e estressante quanto parece.<\/h2>\n  <\/div>\n<\/section>\n<section class=\"medio-home\">\n  <h2 class=\"after center\">Livre-se do que n\u00e3o precisamos<\/h2>\n  <p class=\"normalmargen\">A mudan\u00e7a \u00e9 o momento ideal para se livrar de tudo o que voc\u00ea realmente n\u00e3o precisa. O organizador vai fazer voc\u00ea pensar sobre o que voc\u00ea n\u00e3o precisa e dar-lhe o empurr\u00e3o para se livrar dele. Para que voc\u00ea quer aquelas garrafas vazias ou aquele espelho quebrado? \u00c9 hora de lev\u00e1-lo para a reciclagem.<\/p>\n  <p>Al\u00e9m disso, para coisas que voc\u00ea realmente precisa ou s\u00e3o valiosas para voc\u00ea, a embalagem \u00e9 essencial para que tudo chegue em nossa casa em perfeitas condi\u00e7\u00f5es. O profissional ir\u00e1 aconselh\u00e1-lo sobre a melhor embalagem para cada tipo de m\u00f3vel ou objeto e ensinar\u00e1 como faz\u00ea-lo para que nada quebre pelo caminho. Lembre-se que empacotar livros n\u00e3o \u00e9 o mesmo que objetos de vidro ou computadores, por exemplo.<\/p>\n  <div class=\"owl-carousel\" id=\"owl-carousel-organizadorpersonal\">\n    <img decoding=\"async\" src=\"http:\/\/organizadorprofesional.com\/pt\/wp-content\/themes\/advtheme\/imgs\/medio-mudanzas-1.jpg\">\n    <img decoding=\"async\" src=\"http:\/\/organizadorprofesional.com\/pt\/wp-content\/themes\/advtheme\/imgs\/medio-mudanzas-2.jpg\">\n    <img decoding=\"async\" src=\"http:\/\/organizadorprofesional.com\/pt\/wp-content\/themes\/advtheme\/imgs\/medio-mudanzas-3.jpg\">\n  <\/div>\n<\/section>\n<section class=\"intro-home servicios\">\n  <article class=\"cuerpo\">\n    <h2 class=\"after center\">Nossos servi\u00e7os<\/h2>\n    <p>N\u00e3o quer se estressar durante a conclus\u00e3o desta tarefa? N\u00e3o espere mais! N\u00e3o hesite em solicitar os nossos servi\u00e7os, diga-nos a sua ideia e iremos ajud\u00e1-lo. Al\u00e9m disso, conosco, voc\u00ea economizar\u00e1 mais tempo do que imagina.<\/p>\n    <div class=\"owl-carousel\" id=\"owl-carousel-servicios\">\n      <div class=\"caja uno\">\n        <h4>01<\/h4>\n        <h5>Organizador de arm\u00e1rios<\/h5>\n        <a href=\"http:\/\/organizadorprofesional.com\/pt\/organizador-de-armarios\/\">MAIS INFORMA\u00c7\u00d5ES<\/a>\n      <\/div>\n      <div class=\"caja dos\">\n        <h4>02<\/h4>\n        <h5>Organizador de despensa<\/h5>\n        <a href=\"http:\/\/organizadorprofesional.com\/pt\/organizador-de-despensa\/\">MAIS INFORMA\u00c7\u00d5ES<\/a>\n      <\/div>\n      <div class=\"caja tres\">\n        <h4>03<\/h4>\n        <h5>Organiza\u00e7\u00e3o da sala de armazenamento<\/h5>\n        <a href=\"http:\/\/organizadorprofesional.com\/pt\/organizacao-da-sala-de-armazenamento\/\">MAIS INFORMA\u00c7\u00d5ES<\/a>\n      <\/div>\n      <div class=\"caja cuatro\">\n        <h4>04<\/h4>\n        <h5>Organizar uma mudan\u00e7a<\/h5>\n        <a href=\"http:\/\/organizadorprofesional.com\/pt\/organizar-uma-mudanca\/\">MAIS INFORMA\u00c7\u00d5ES<\/a>\n      <\/div>\n      <div class=\"caja cinco\">\n        <h4>05<\/h4>\n        <h5>Organizador de escrit\u00f3rio profissional<\/h5>\n        <a href=\"http:\/\/organizadorprofesional.com\/pt\/organizador-de-escritorio-profissional\/\">MAIS INFORMA\u00c7\u00d5ES<\/a>\n      <\/div>\n    <\/div>\n  <\/article>\n<\/section>\n","protected":false},"excerpt":{"rendered":"<p>Organizar uma mudan\u00e7a Como organizar uma mudan\u00e7a Mover-se \u00e9 uma das tarefas mais estressantes para qualquer um de n\u00f3s e que, inevitavelmente, teremos que faz\u00ea-lo em algum momento de nossas vidas. Por isso, contar com um bom profissional para te ajudar a organizar uma mudan\u00e7a \u00e9 uma \u00f3tima ideia. Como isso ajuda voc\u00ea? Voc\u00ea vai [&hellip;]<\/p>\n","protected":false},"author":6,"featured_media":0,"parent":0,"menu_order":0,"comment_status":"closed","ping_status":"closed","template":"","meta":{"footnotes":""},"class_list":["post-865","page","type-page","status-publish","hentry"],"yoast_head":"<!-- This site is optimized with the Yoast SEO plugin v24.9 - https:\/\/yoast.com\/wordpress\/plugins\/seo\/ -->\n<title>Organizar uma mudan\u00e7a<\/title>\n<meta name=\"description\" content=\"Quer organizar uma mudan\u00e7a e n\u00e3o sabe como come\u00e7ar? Recomendamos que o fa\u00e7a com a ajuda de um bom profissional.\" \/>\n<meta name=\"robots\" content=\"index, follow, max-snippet:-1, max-image-preview:large, max-video-preview:-1\" \/>\n<link rel=\"canonical\" href=\"https:\/\/organizadorprofesional.com\/pt\/organizar-uma-mudanca\/\" \/>\n<meta property=\"og:locale\" content=\"es_ES\" \/>\n<meta property=\"og:type\" content=\"article\" \/>\n<meta property=\"og:title\" content=\"Organizar uma mudan\u00e7a\" \/>\n<meta property=\"og:description\" content=\"Quer organizar uma mudan\u00e7a e n\u00e3o sabe como come\u00e7ar? Recomendamos que o fa\u00e7a com a ajuda de um bom profissional.\" \/>\n<meta property=\"og:url\" content=\"https:\/\/organizadorprofesional.com\/pt\/organizar-uma-mudanca\/\" \/>\n<meta property=\"og:site_name\" content=\"Organizador profissional\" \/>\n<meta property=\"article:modified_time\" content=\"2022-05-03T13:29:23+00:00\" \/>\n<meta property=\"og:image\" content=\"http:\/\/organizadorprofesional.com\/pt\/wp-content\/themes\/advtheme\/imgs\/intro-servicios-mudanzas.jpg\" \/>\n<meta name=\"twitter:card\" content=\"summary_large_image\" \/>\n<meta name=\"twitter:label1\" content=\"Tiempo de lectura\" \/>\n\t<meta name=\"twitter:data1\" content=\"4 minutos\" \/>\n<script type=\"application\/ld+json\" class=\"yoast-schema-graph\">{\"@context\":\"https:\/\/schema.org\",\"@graph\":[{\"@type\":\"WebPage\",\"@id\":\"https:\/\/organizadorprofesional.com\/pt\/organizar-uma-mudanca\/\",\"url\":\"https:\/\/organizadorprofesional.com\/pt\/organizar-uma-mudanca\/\",\"name\":\"Organizar uma mudan\u00e7a\",\"isPartOf\":{\"@id\":\"https:\/\/organizadorprofesional.com\/pt\/#website\"},\"primaryImageOfPage\":{\"@id\":\"https:\/\/organizadorprofesional.com\/pt\/organizar-uma-mudanca\/#primaryimage\"},\"image\":{\"@id\":\"https:\/\/organizadorprofesional.com\/pt\/organizar-uma-mudanca\/#primaryimage\"},\"thumbnailUrl\":\"http:\/\/organizadorprofesional.com\/pt\/wp-content\/themes\/advtheme\/imgs\/intro-servicios-mudanzas.jpg\",\"datePublished\":\"2022-04-06T14:26:54+00:00\",\"dateModified\":\"2022-05-03T13:29:23+00:00\",\"description\":\"Quer organizar uma mudan\u00e7a e n\u00e3o sabe como come\u00e7ar? Recomendamos que o fa\u00e7a com a ajuda de um bom profissional.\",\"breadcrumb\":{\"@id\":\"https:\/\/organizadorprofesional.com\/pt\/organizar-uma-mudanca\/#breadcrumb\"},\"inLanguage\":\"es\",\"potentialAction\":[{\"@type\":\"ReadAction\",\"target\":[\"https:\/\/organizadorprofesional.com\/pt\/organizar-uma-mudanca\/\"]}]},{\"@type\":\"ImageObject\",\"inLanguage\":\"es\",\"@id\":\"https:\/\/organizadorprofesional.com\/pt\/organizar-uma-mudanca\/#primaryimage\",\"url\":\"http:\/\/organizadorprofesional.com\/pt\/wp-content\/themes\/advtheme\/imgs\/intro-servicios-mudanzas.jpg\",\"contentUrl\":\"http:\/\/organizadorprofesional.com\/pt\/wp-content\/themes\/advtheme\/imgs\/intro-servicios-mudanzas.jpg\"},{\"@type\":\"BreadcrumbList\",\"@id\":\"https:\/\/organizadorprofesional.com\/pt\/organizar-uma-mudanca\/#breadcrumb\",\"itemListElement\":[{\"@type\":\"ListItem\",\"position\":1,\"name\":\"Portada\",\"item\":\"https:\/\/organizadorprofesional.com\/pt\/\"},{\"@type\":\"ListItem\",\"position\":2,\"name\":\"Organizar uma mudan\u00e7a\"}]},{\"@type\":\"WebSite\",\"@id\":\"https:\/\/organizadorprofesional.com\/pt\/#website\",\"url\":\"https:\/\/organizadorprofesional.com\/pt\/\",\"name\":\"Organizador profissional\",\"description\":\"Organizador profissional\",\"potentialAction\":[{\"@type\":\"SearchAction\",\"target\":{\"@type\":\"EntryPoint\",\"urlTemplate\":\"https:\/\/organizadorprofesional.com\/pt\/?s={search_term_string}\"},\"query-input\":{\"@type\":\"PropertyValueSpecification\",\"valueRequired\":true,\"valueName\":\"search_term_string\"}}],\"inLanguage\":\"es\"}]}<\/script>\n<!-- \/ Yoast SEO plugin. -->","yoast_head_json":{"title":"Organizar uma mudan\u00e7a","description":"Quer organizar uma mudan\u00e7a e n\u00e3o sabe como come\u00e7ar? Recomendamos que o fa\u00e7a com a ajuda de um bom profissional.","robots":{"index":"index","follow":"follow","max-snippet":"max-snippet:-1","max-image-preview":"max-image-preview:large","max-video-preview":"max-video-preview:-1"},"canonical":"https:\/\/organizadorprofesional.com\/pt\/organizar-uma-mudanca\/","og_locale":"es_ES","og_type":"article","og_title":"Organizar uma mudan\u00e7a","og_description":"Quer organizar uma mudan\u00e7a e n\u00e3o sabe como come\u00e7ar? Recomendamos que o fa\u00e7a com a ajuda de um bom profissional.","og_url":"https:\/\/organizadorprofesional.com\/pt\/organizar-uma-mudanca\/","og_site_name":"Organizador profissional","article_modified_time":"2022-05-03T13:29:23+00:00","og_image":[{"url":"http:\/\/organizadorprofesional.com\/pt\/wp-content\/themes\/advtheme\/imgs\/intro-servicios-mudanzas.jpg","type":"","width":"","height":""}],"twitter_card":"summary_large_image","twitter_misc":{"Tiempo de lectura":"4 minutos"},"schema":{"@context":"https:\/\/schema.org","@graph":[{"@type":"WebPage","@id":"https:\/\/organizadorprofesional.com\/pt\/organizar-uma-mudanca\/","url":"https:\/\/organizadorprofesional.com\/pt\/organizar-uma-mudanca\/","name":"Organizar uma mudan\u00e7a","isPartOf":{"@id":"https:\/\/organizadorprofesional.com\/pt\/#website"},"primaryImageOfPage":{"@id":"https:\/\/organizadorprofesional.com\/pt\/organizar-uma-mudanca\/#primaryimage"},"image":{"@id":"https:\/\/organizadorprofesional.com\/pt\/organizar-uma-mudanca\/#primaryimage"},"thumbnailUrl":"http:\/\/organizadorprofesional.com\/pt\/wp-content\/themes\/advtheme\/imgs\/intro-servicios-mudanzas.jpg","datePublished":"2022-04-06T14:26:54+00:00","dateModified":"2022-05-03T13:29:23+00:00","description":"Quer organizar uma mudan\u00e7a e n\u00e3o sabe como come\u00e7ar? Recomendamos que o fa\u00e7a com a ajuda de um bom profissional.","breadcrumb":{"@id":"https:\/\/organizadorprofesional.com\/pt\/organizar-uma-mudanca\/#breadcrumb"},"inLanguage":"es","potentialAction":[{"@type":"ReadAction","target":["https:\/\/organizadorprofesional.com\/pt\/organizar-uma-mudanca\/"]}]},{"@type":"ImageObject","inLanguage":"es","@id":"https:\/\/organizadorprofesional.com\/pt\/organizar-uma-mudanca\/#primaryimage","url":"http:\/\/organizadorprofesional.com\/pt\/wp-content\/themes\/advtheme\/imgs\/intro-servicios-mudanzas.jpg","contentUrl":"http:\/\/organizadorprofesional.com\/pt\/wp-content\/themes\/advtheme\/imgs\/intro-servicios-mudanzas.jpg"},{"@type":"BreadcrumbList","@id":"https:\/\/organizadorprofesional.com\/pt\/organizar-uma-mudanca\/#breadcrumb","itemListElement":[{"@type":"ListItem","position":1,"name":"Portada","item":"https:\/\/organizadorprofesional.com\/pt\/"},{"@type":"ListItem","position":2,"name":"Organizar uma mudan\u00e7a"}]},{"@type":"WebSite","@id":"https:\/\/organizadorprofesional.com\/pt\/#website","url":"https:\/\/organizadorprofesional.com\/pt\/","name":"Organizador profissional","description":"Organizador profissional","potentialAction":[{"@type":"SearchAction","target":{"@type":"EntryPoint","urlTemplate":"https:\/\/organizadorprofesional.com\/pt\/?s={search_term_string}"},"query-input":{"@type":"PropertyValueSpecification","valueRequired":true,"valueName":"search_term_string"}}],"inLanguage":"es"}]}},"_links":{"self":[{"href":"https:\/\/organizadorprofesional.com\/pt\/wp-json\/wp\/v2\/pages\/865","targetHints":{"allow":["GET"]}}],"collection":[{"href":"https:\/\/organizadorprofesional.com\/pt\/wp-json\/wp\/v2\/pages"}],"about":[{"href":"https:\/\/organizadorprofesional.com\/pt\/wp-json\/wp\/v2\/types\/page"}],"author":[{"embeddable":true,"href":"https:\/\/organizadorprofesional.com\/pt\/wp-json\/wp\/v2\/users\/6"}],"replies":[{"embeddable":true,"href":"https:\/\/organizadorprofesional.com\/pt\/wp-json\/wp\/v2\/comments?post=865"}],"version-history":[{"count":18,"href":"https:\/\/organizadorprofesional.com\/pt\/wp-json\/wp\/v2\/pages\/865\/revisions"}],"predecessor-version":[{"id":1023,"href":"https:\/\/organizadorprofesional.com\/pt\/wp-json\/wp\/v2\/pages\/865\/revisions\/1023"}],"wp:attachment":[{"href":"https:\/\/organizadorprofesional.com\/pt\/wp-json\/wp\/v2\/media?parent=865"}],"curies":[{"name":"wp","href":"https:\/\/api.w.org\/{rel}","templated":true}]}}