{"id":872,"date":"2022-04-06T15:55:43","date_gmt":"2022-04-06T15:55:43","guid":{"rendered":"http:\/\/organizadorprofesional.com\/pt\/?page_id=872"},"modified":"2022-05-03T13:27:34","modified_gmt":"2022-05-03T13:27:34","slug":"organizador-de-armarios","status":"publish","type":"page","link":"https:\/\/organizadorprofesional.com\/pt\/organizador-de-armarios\/","title":{"rendered":"Organizador de arm\u00e1rios"},"content":{"rendered":"\n<section class=\"cabecera-interior armarios\">\n  <article class=\"cuerpo\">\n    <h1>Organizador de arm\u00e1rios<\/h1>\n  <\/article>\n<\/section>\n<section class=\"intro-servicios reverse\">\n  <article class=\"cuerpo\">\n    <h2 class=\"after center\">Organizador de arm\u00e1rio profissional<\/h2>\n    <p class=\"intro\">Voc\u00ea j\u00e1 ouviu falar de Marie Kondo? Com certeza que sim. Esta especialista em ordem foi um antes e depois na organiza\u00e7\u00e3o de casa. O caos absoluto paira sobre voc\u00ea quando voc\u00ea abre seu guarda-roupa? Voc\u00ea gostaria que algu\u00e9m como ela resolvesse essa bagun\u00e7a para voc\u00ea? Pois bem, com um organizador de arm\u00e1rio todos esses problemas ser\u00e3o resolvidos!<\/p>\n    <div class=\"contenedor\">\n      <div class=\"cajon\">\n        <h2 class=\"after\">O que \u00e9 um organizador de arm\u00e1rio?<\/h2>\n       <p>Um organizador de arm\u00e1rio \u00e9 um especialista em pedidos com amplo conhecimento e muitos anos de experi\u00eancia. Ele \u00e9 respons\u00e1vel n\u00e3o s\u00f3 por estruturar seu guarda-roupa ou camarim, mas tamb\u00e9m por indicar os passos para que voc\u00ea n\u00e3o sinta o peso de ver tudo acumulado novamente. N\u00e3o pense que se trata de jogar tudo fora! Pelo contr\u00e1rio, o que vai conseguir \u00e9 reinventar esses espa\u00e7os e dar-lhes uma nova vida.<\/p>\n       <p>Gra\u00e7as \u00e0 ajuda deste profissional, voc\u00ea poder\u00e1 gastar menos tempo organizando seu guarda-roupa e poder\u00e1 encontrar tudo facilmente porque tudo ter\u00e1 seu lugar.<\/p>\n        <a href=\"#anclaform\" class=\"btn\">MAIS INFORMA\u00c7\u00d5ES<\/a>\n      <\/div>\n      <div class=\"img\">\n        <img decoding=\"async\" src=\"http:\/\/organizadorprofesional.com\/pt\/wp-content\/themes\/advtheme\/imgs\/intro-servicios-armarios.jpg\" alt=\"\">\n      <\/div>\n    <\/div>\n  <\/article>\n<\/section>\n<section class=\"banner-servicios\">\n  <article class=\"cuerpo\">\n    <h2 class=\"after center\">Qual \u00e9 a sua fun\u00e7\u00e3o?<\/h2>\n    <p>\u00c0s vezes precisamos de uma ajudinha para conseguir a mudan\u00e7a que buscamos e esse \u00e9 o papel de um organizador de arm\u00e1rio profissional. Ele gerenciar\u00e1 a situa\u00e7\u00e3o e, em seguida, fornecer\u00e1 uma s\u00e9rie de instru\u00e7\u00f5es e ferramentas para que voc\u00ea possa aproveitar as m\u00faltiplas possibilidades de suas roupas e dizer sim \u00e0 funcionalidade e simplicidade.<\/p>\n  <\/article>\n  <div class=\"fondobanner armarios\">\n    <h2>Um organizador de arm\u00e1rio profissional ir\u00e1 ajud\u00e1-lo a colocar todas as suas roupas e acess\u00f3rios em ordem no seu arm\u00e1rio ou camarim, gra\u00e7as \u00e0 implementa\u00e7\u00e3o de sistemas que voc\u00ea mesmo pode realizar ap\u00f3s o trabalho.<\/h2>\n  <\/div>\n<\/section>\n<section class=\"medio-home\">\n  <h2 class=\"after center\">Como isso pode ajuda-lo?<\/h2>\n  <p class=\"normalmargen\">Embora a contrata\u00e7\u00e3o de um organizador de arm\u00e1rio seja \u00fatil a qualquer momento, \u00e9 especialmente relevante durante as trocas de guarda-roupa com as novas esta\u00e7\u00f5es. Pense bem, por que voc\u00ea amaria algu\u00e9m para fazer e desfazer toda essa mudan\u00e7a de roupa inc\u00f4moda? Deixe em nossas m\u00e3os.<\/p>\n  <p class=\"normalmargen\">Voc\u00ea n\u00e3o precisa mais se preocupar em perder tempo pensando em como organizar um arm\u00e1rio, pois ela cuidar\u00e1 de tudo. Voc\u00ea ter\u00e1 tempo para curtir o que gosta e ter tudo organizado e vis\u00edvel para quando precisar!<\/p>\n  <p>Voc\u00ea ficou sem palavras? N\u00e3o estamos surpresos! Agora que voc\u00ea j\u00e1 sabe tudo o que um organizador de arm\u00e1rio pode fazer por voc\u00ea, n\u00e3o pense duas vezes e d\u00ea o seu a mudan\u00e7a que voc\u00ea precisa! Conte-nos sobre voc\u00ea, conte-nos sua ideia e n\u00f3s a tornaremos realidade.<\/p>\n  <div class=\"owl-carousel\" id=\"owl-carousel-organizadorpersonal\">\n    <img decoding=\"async\" src=\"http:\/\/organizadorprofesional.com\/pt\/wp-content\/themes\/advtheme\/imgs\/medio-armarios-1.jpg\">\n    <img decoding=\"async\" src=\"http:\/\/organizadorprofesional.com\/pt\/wp-content\/themes\/advtheme\/imgs\/medio-armarios-2.jpg\">\n    <img decoding=\"async\" src=\"http:\/\/organizadorprofesional.com\/pt\/wp-content\/themes\/advtheme\/imgs\/medio-armarios-3.jpg\">\n  <\/div>\n<\/section>\n<section class=\"intro-home servicios\">\n  <article class=\"cuerpo\">\n    <h2 class=\"after center\">Nossos servi\u00e7os<\/h2>\n    <p>Vamos ajud\u00e1-lo com tudo o que voc\u00ea precisa, deixe em nossas m\u00e3os ou colabore conosco se desejar. Vai parecer que voc\u00ea tem um arm\u00e1rio totalmente novo e organizado. Mostre seu guarda-roupa gra\u00e7as \u00e0 contrata\u00e7\u00e3o deste profissional!<\/p>\n    <div class=\"owl-carousel\" id=\"owl-carousel-servicios\">\n      <div class=\"caja uno\">\n        <h4>01<\/h4>\n        <h5>Organizador de arm\u00e1rios<\/h5>\n        <a href=\"http:\/\/organizadorprofesional.com\/pt\/organizador-de-armarios\/\">MAIS INFORMA\u00c7\u00d5ES<\/a>\n      <\/div>\n      <div class=\"caja dos\">\n        <h4>02<\/h4>\n        <h5>Organizador de despensa<\/h5>\n        <a href=\"http:\/\/organizadorprofesional.com\/pt\/organizador-de-despensa\/\">MAIS INFORMA\u00c7\u00d5ES<\/a>\n      <\/div>\n      <div class=\"caja tres\">\n        <h4>03<\/h4>\n        <h5>Organiza\u00e7\u00e3o da sala de armazenamento<\/h5>\n        <a href=\"http:\/\/organizadorprofesional.com\/pt\/organizacao-da-sala-de-armazenamento\/\">MAIS INFORMA\u00c7\u00d5ES<\/a>\n      <\/div>\n      <div class=\"caja cuatro\">\n        <h4>04<\/h4>\n        <h5>Organizar uma mudan\u00e7a<\/h5>\n        <a href=\"http:\/\/organizadorprofesional.com\/pt\/organizar-uma-mudanca\/\">MAIS INFORMA\u00c7\u00d5ES<\/a>\n      <\/div>\n      <div class=\"caja cinco\">\n        <h4>05<\/h4>\n        <h5>Organizador de escrit\u00f3rio profissional<\/h5>\n        <a href=\"http:\/\/organizadorprofesional.com\/pt\/organizador-de-escritorio-profissional\/\">MAIS INFORMA\u00c7\u00d5ES<\/a>\n      <\/div>\n    <\/div>\n  <\/article>\n<\/section>\n","protected":false},"excerpt":{"rendered":"<p>Organizador de arm\u00e1rios Organizador de arm\u00e1rio profissional Voc\u00ea j\u00e1 ouviu falar de Marie Kondo? Com certeza que sim. Esta especialista em ordem foi um antes e depois na organiza\u00e7\u00e3o de casa. O caos absoluto paira sobre voc\u00ea quando voc\u00ea abre seu guarda-roupa? Voc\u00ea gostaria que algu\u00e9m como ela resolvesse essa bagun\u00e7a para voc\u00ea? Pois bem, [&hellip;]<\/p>\n","protected":false},"author":6,"featured_media":0,"parent":0,"menu_order":0,"comment_status":"closed","ping_status":"closed","template":"","meta":{"footnotes":""},"class_list":["post-872","page","type-page","status-publish","hentry"],"yoast_head":"<!-- This site is optimized with the Yoast SEO plugin v24.9 - https:\/\/yoast.com\/wordpress\/plugins\/seo\/ -->\n<title>Organizador de arm\u00e1rios<\/title>\n<meta name=\"description\" content=\"Um organizador de arm\u00e1rio \u00e9 tudo que voc\u00ea precisa para deixar seu arm\u00e1rio ou c\u00f4moda zen novamente. Neste artigo contamos tudo.\" \/>\n<meta name=\"robots\" content=\"index, follow, max-snippet:-1, max-image-preview:large, max-video-preview:-1\" \/>\n<link rel=\"canonical\" href=\"https:\/\/organizadorprofesional.com\/pt\/organizador-de-armarios\/\" \/>\n<meta property=\"og:locale\" content=\"es_ES\" \/>\n<meta property=\"og:type\" content=\"article\" \/>\n<meta property=\"og:title\" content=\"Organizador de arm\u00e1rios\" \/>\n<meta property=\"og:description\" content=\"Um organizador de arm\u00e1rio \u00e9 tudo que voc\u00ea precisa para deixar seu arm\u00e1rio ou c\u00f4moda zen novamente. Neste artigo contamos tudo.\" \/>\n<meta property=\"og:url\" content=\"https:\/\/organizadorprofesional.com\/pt\/organizador-de-armarios\/\" \/>\n<meta property=\"og:site_name\" content=\"Organizador profissional\" \/>\n<meta property=\"article:modified_time\" content=\"2022-05-03T13:27:34+00:00\" \/>\n<meta property=\"og:image\" content=\"http:\/\/organizadorprofesional.com\/pt\/wp-content\/themes\/advtheme\/imgs\/intro-servicios-armarios.jpg\" \/>\n<meta name=\"twitter:card\" content=\"summary_large_image\" \/>\n<meta name=\"twitter:label1\" content=\"Tiempo de lectura\" \/>\n\t<meta name=\"twitter:data1\" content=\"3 minutos\" \/>\n<script type=\"application\/ld+json\" class=\"yoast-schema-graph\">{\"@context\":\"https:\/\/schema.org\",\"@graph\":[{\"@type\":\"WebPage\",\"@id\":\"https:\/\/organizadorprofesional.com\/pt\/organizador-de-armarios\/\",\"url\":\"https:\/\/organizadorprofesional.com\/pt\/organizador-de-armarios\/\",\"name\":\"Organizador de arm\u00e1rios\",\"isPartOf\":{\"@id\":\"https:\/\/organizadorprofesional.com\/pt\/#website\"},\"primaryImageOfPage\":{\"@id\":\"https:\/\/organizadorprofesional.com\/pt\/organizador-de-armarios\/#primaryimage\"},\"image\":{\"@id\":\"https:\/\/organizadorprofesional.com\/pt\/organizador-de-armarios\/#primaryimage\"},\"thumbnailUrl\":\"http:\/\/organizadorprofesional.com\/pt\/wp-content\/themes\/advtheme\/imgs\/intro-servicios-armarios.jpg\",\"datePublished\":\"2022-04-06T15:55:43+00:00\",\"dateModified\":\"2022-05-03T13:27:34+00:00\",\"description\":\"Um organizador de arm\u00e1rio \u00e9 tudo que voc\u00ea precisa para deixar seu arm\u00e1rio ou c\u00f4moda zen novamente. Neste artigo contamos tudo.\",\"breadcrumb\":{\"@id\":\"https:\/\/organizadorprofesional.com\/pt\/organizador-de-armarios\/#breadcrumb\"},\"inLanguage\":\"es\",\"potentialAction\":[{\"@type\":\"ReadAction\",\"target\":[\"https:\/\/organizadorprofesional.com\/pt\/organizador-de-armarios\/\"]}]},{\"@type\":\"ImageObject\",\"inLanguage\":\"es\",\"@id\":\"https:\/\/organizadorprofesional.com\/pt\/organizador-de-armarios\/#primaryimage\",\"url\":\"http:\/\/organizadorprofesional.com\/pt\/wp-content\/themes\/advtheme\/imgs\/intro-servicios-armarios.jpg\",\"contentUrl\":\"http:\/\/organizadorprofesional.com\/pt\/wp-content\/themes\/advtheme\/imgs\/intro-servicios-armarios.jpg\"},{\"@type\":\"BreadcrumbList\",\"@id\":\"https:\/\/organizadorprofesional.com\/pt\/organizador-de-armarios\/#breadcrumb\",\"itemListElement\":[{\"@type\":\"ListItem\",\"position\":1,\"name\":\"Portada\",\"item\":\"https:\/\/organizadorprofesional.com\/pt\/\"},{\"@type\":\"ListItem\",\"position\":2,\"name\":\"Organizador de arm\u00e1rios\"}]},{\"@type\":\"WebSite\",\"@id\":\"https:\/\/organizadorprofesional.com\/pt\/#website\",\"url\":\"https:\/\/organizadorprofesional.com\/pt\/\",\"name\":\"Organizador profissional\",\"description\":\"Organizador profissional\",\"potentialAction\":[{\"@type\":\"SearchAction\",\"target\":{\"@type\":\"EntryPoint\",\"urlTemplate\":\"https:\/\/organizadorprofesional.com\/pt\/?s={search_term_string}\"},\"query-input\":{\"@type\":\"PropertyValueSpecification\",\"valueRequired\":true,\"valueName\":\"search_term_string\"}}],\"inLanguage\":\"es\"}]}<\/script>\n<!-- \/ Yoast SEO plugin. -->","yoast_head_json":{"title":"Organizador de arm\u00e1rios","description":"Um organizador de arm\u00e1rio \u00e9 tudo que voc\u00ea precisa para deixar seu arm\u00e1rio ou c\u00f4moda zen novamente. Neste artigo contamos tudo.","robots":{"index":"index","follow":"follow","max-snippet":"max-snippet:-1","max-image-preview":"max-image-preview:large","max-video-preview":"max-video-preview:-1"},"canonical":"https:\/\/organizadorprofesional.com\/pt\/organizador-de-armarios\/","og_locale":"es_ES","og_type":"article","og_title":"Organizador de arm\u00e1rios","og_description":"Um organizador de arm\u00e1rio \u00e9 tudo que voc\u00ea precisa para deixar seu arm\u00e1rio ou c\u00f4moda zen novamente. Neste artigo contamos tudo.","og_url":"https:\/\/organizadorprofesional.com\/pt\/organizador-de-armarios\/","og_site_name":"Organizador profissional","article_modified_time":"2022-05-03T13:27:34+00:00","og_image":[{"url":"http:\/\/organizadorprofesional.com\/pt\/wp-content\/themes\/advtheme\/imgs\/intro-servicios-armarios.jpg","type":"","width":"","height":""}],"twitter_card":"summary_large_image","twitter_misc":{"Tiempo de lectura":"3 minutos"},"schema":{"@context":"https:\/\/schema.org","@graph":[{"@type":"WebPage","@id":"https:\/\/organizadorprofesional.com\/pt\/organizador-de-armarios\/","url":"https:\/\/organizadorprofesional.com\/pt\/organizador-de-armarios\/","name":"Organizador de arm\u00e1rios","isPartOf":{"@id":"https:\/\/organizadorprofesional.com\/pt\/#website"},"primaryImageOfPage":{"@id":"https:\/\/organizadorprofesional.com\/pt\/organizador-de-armarios\/#primaryimage"},"image":{"@id":"https:\/\/organizadorprofesional.com\/pt\/organizador-de-armarios\/#primaryimage"},"thumbnailUrl":"http:\/\/organizadorprofesional.com\/pt\/wp-content\/themes\/advtheme\/imgs\/intro-servicios-armarios.jpg","datePublished":"2022-04-06T15:55:43+00:00","dateModified":"2022-05-03T13:27:34+00:00","description":"Um organizador de arm\u00e1rio \u00e9 tudo que voc\u00ea precisa para deixar seu arm\u00e1rio ou c\u00f4moda zen novamente. Neste artigo contamos tudo.","breadcrumb":{"@id":"https:\/\/organizadorprofesional.com\/pt\/organizador-de-armarios\/#breadcrumb"},"inLanguage":"es","potentialAction":[{"@type":"ReadAction","target":["https:\/\/organizadorprofesional.com\/pt\/organizador-de-armarios\/"]}]},{"@type":"ImageObject","inLanguage":"es","@id":"https:\/\/organizadorprofesional.com\/pt\/organizador-de-armarios\/#primaryimage","url":"http:\/\/organizadorprofesional.com\/pt\/wp-content\/themes\/advtheme\/imgs\/intro-servicios-armarios.jpg","contentUrl":"http:\/\/organizadorprofesional.com\/pt\/wp-content\/themes\/advtheme\/imgs\/intro-servicios-armarios.jpg"},{"@type":"BreadcrumbList","@id":"https:\/\/organizadorprofesional.com\/pt\/organizador-de-armarios\/#breadcrumb","itemListElement":[{"@type":"ListItem","position":1,"name":"Portada","item":"https:\/\/organizadorprofesional.com\/pt\/"},{"@type":"ListItem","position":2,"name":"Organizador de arm\u00e1rios"}]},{"@type":"WebSite","@id":"https:\/\/organizadorprofesional.com\/pt\/#website","url":"https:\/\/organizadorprofesional.com\/pt\/","name":"Organizador profissional","description":"Organizador profissional","potentialAction":[{"@type":"SearchAction","target":{"@type":"EntryPoint","urlTemplate":"https:\/\/organizadorprofesional.com\/pt\/?s={search_term_string}"},"query-input":{"@type":"PropertyValueSpecification","valueRequired":true,"valueName":"search_term_string"}}],"inLanguage":"es"}]}},"_links":{"self":[{"href":"https:\/\/organizadorprofesional.com\/pt\/wp-json\/wp\/v2\/pages\/872","targetHints":{"allow":["GET"]}}],"collection":[{"href":"https:\/\/organizadorprofesional.com\/pt\/wp-json\/wp\/v2\/pages"}],"about":[{"href":"https:\/\/organizadorprofesional.com\/pt\/wp-json\/wp\/v2\/types\/page"}],"author":[{"embeddable":true,"href":"https:\/\/organizadorprofesional.com\/pt\/wp-json\/wp\/v2\/users\/6"}],"replies":[{"embeddable":true,"href":"https:\/\/organizadorprofesional.com\/pt\/wp-json\/wp\/v2\/comments?post=872"}],"version-history":[{"count":13,"href":"https:\/\/organizadorprofesional.com\/pt\/wp-json\/wp\/v2\/pages\/872\/revisions"}],"predecessor-version":[{"id":1019,"href":"https:\/\/organizadorprofesional.com\/pt\/wp-json\/wp\/v2\/pages\/872\/revisions\/1019"}],"wp:attachment":[{"href":"https:\/\/organizadorprofesional.com\/pt\/wp-json\/wp\/v2\/media?parent=872"}],"curies":[{"name":"wp","href":"https:\/\/api.w.org\/{rel}","templated":true}]}}