{"id":875,"date":"2022-04-06T16:01:38","date_gmt":"2022-04-06T16:01:38","guid":{"rendered":"http:\/\/organizadorprofesional.com\/pt\/?page_id=875"},"modified":"2022-05-03T13:28:08","modified_gmt":"2022-05-03T13:28:08","slug":"organizador-de-despensa","status":"publish","type":"page","link":"https:\/\/organizadorprofesional.com\/pt\/organizador-de-despensa\/","title":{"rendered":"Organizador de despensa"},"content":{"rendered":"\n<section class=\"cabecera-interior cocinas\">\n  <article class=\"cuerpo\">\n    <h1>Organizador de despensa<\/h1>\n  <\/article>\n<\/section>\n<section class=\"intro-servicios\">\n  <article class=\"cuerpo\">\n    <h2 class=\"after center\">Contrate um organizador de despensa<\/h2>\n    <p class=\"intro\">Cada vez que tendemos a armazenar mais e mais alimentos. Essa a\u00e7\u00e3o muitas vezes nos leva a guardar as coisas sem ordem e acabamos tendo uma despensa bagun\u00e7ada na qual n\u00e3o encontramos nada. Voc\u00ea se sente identificado? Possui organizador de despensa.<\/p>\n    <div class=\"contenedor\">\n      <div class=\"cajon\">\n        <h2 class=\"after\">Benef\u00edcios da sua ajuda<\/h2>\n        <p>Quais s\u00e3o os benef\u00edcios de contratar um profissional para realizar esse trabalho? Uma delas \u00e9 conseguir a maximiza\u00e7\u00e3o do espa\u00e7o e, a outra, saber ordenar as coisas com sentido.<\/p>\n        <p>Quando n\u00e3o guardamos nossas coisas, neste caso comida, com ordem e sucesso, n\u00e3o fazemos bom uso do espa\u00e7o. Pode at\u00e9 ser que o arm\u00e1rio seja grande e nos pare\u00e7a pequeno por causa da bagun\u00e7a que h\u00e1 nele.<\/p>\n        <p>Se voc\u00ea usa muito pin\u00e7as de carne ou latas de tomate, por que sempre as guarda no fundo do arm\u00e1rio? Este profissional ir\u00e1 ajud\u00e1-lo a fazer uma organiza\u00e7\u00e3o da despensa em que voc\u00ea encontra tudo na primeira vez.<\/p>\n        <a href=\"#anclaform\" class=\"btn\">MAIS INFORMA\u00c7\u00d5ES<\/a>\n      <\/div>\n      <div class=\"img\">\n        <img decoding=\"async\" src=\"http:\/\/organizadorprofesional.com\/pt\/wp-content\/themes\/advtheme\/imgs\/intro-servicios-cocinas.jpg\" alt=\"\">\n      <\/div>\n    <\/div>\n  <\/article>\n<\/section>\n<section class=\"banner-servicios\">\n  <article class=\"cuerpo\">\n    <h2 class=\"after center\">Vai te dar ideias<\/h2>\n    <p>Usar um arm\u00e1rio para as garrafas dentro, rotular as caixas, usar uma caixa de biscoitos para juntar tudo no mesmo espa\u00e7o&#8230; Um organizador lhe dar\u00e1 muitas ideias para que voc\u00ea saiba como organizar a despensa de maneira mais f\u00e1cil.<\/p>\n  <\/article>\n  <div class=\"fondobanner cocinas\">\n    <h2>Contratar um organizador de cozinha profissional para deixar sua despensa com a apar\u00eancia que voc\u00ea sempre quis \u00e9 a melhor coisa que voc\u00ea pode fazer.<\/h2>\n  <\/div>\n<\/section>\n<section class=\"medio-home\">\n  <h2 class=\"after center\">Como um organizador de despensa ajuda voc\u00ea?<\/h2>\n  <p class=\"normalmargen\">O trabalho de um organizador profissional n\u00e3o \u00e9 apenas manter a ordem na cozinha ou na despensa, mas tamb\u00e9m dar ideias para que voc\u00ea aproveite ao m\u00e1ximo o espa\u00e7o. Por exemplo, far\u00e1 recomenda\u00e7\u00f5es sobre como colocar cabides nas portas para pendurar produtos, como colocar algumas prateleiras ou caixas dentro, etc.<\/p>\n  <p class=\"normalmargen\">Normalmente nestes tipos de \u00e1reas ficam normalmente guardadas coisas sem sentido e sem que cada alimento ou utens\u00edlio tenha o seu devido lugar dependendo do uso que lhe d\u00e1 e da frequ\u00eancia com que o usa. Portanto, gra\u00e7as \u00e0 nossa ajuda, voc\u00ea pode ter tudo \u00e0 m\u00e3o e, assim, n\u00e3o perder tempo procurando tudo quando quiser us\u00e1-lo para cozinhar.<\/p>\n  <p>Em suma, este profissional ir\u00e1 ajud\u00e1-lo a classificar e colocar os alimentos e os utens\u00edlios necess\u00e1rios em um determinado local para que seja mais f\u00e1cil para voc\u00ea acess\u00e1-lo. N\u00e3o perca mais tempo e contrate nossos servi\u00e7os.<\/p>\n  <div class=\"owl-carousel\" id=\"owl-carousel-organizadorpersonal\">\n    <img decoding=\"async\" src=\"http:\/\/organizadorprofesional.com\/pt\/wp-content\/themes\/advtheme\/imgs\/medio-cocinas-1.jpg\">\n    <img decoding=\"async\" src=\"http:\/\/organizadorprofesional.com\/pt\/wp-content\/themes\/advtheme\/imgs\/medio-cocinas-2.jpg\">\n    <img decoding=\"async\" src=\"http:\/\/organizadorprofesional.com\/pt\/wp-content\/themes\/advtheme\/imgs\/medio-cocinas-3.jpg\">\n  <\/div>\n<\/section>\n<section class=\"intro-home servicios\">\n  <article class=\"cuerpo\">\n    <h2 class=\"after center\">Nossos servi\u00e7os<\/h2>\n    <p>Conte-nos a sua ideia e juntos resolveremos o que o preocupa no menor tempo poss\u00edvel com a ajuda do melhor organizador de despensa. N\u00e3o hesite em nos contatar. Porque organizar a cozinha nunca foi t\u00e3o f\u00e1cil!<\/p>\n    <div class=\"owl-carousel\" id=\"owl-carousel-servicios\">\n      <div class=\"caja uno\">\n        <h4>01<\/h4>\n        <h5>Organizador de arm\u00e1rios<\/h5>\n        <a href=\"http:\/\/organizadorprofesional.com\/pt\/organizador-de-armarios\/\">MAIS INFORMA\u00c7\u00d5ES<\/a>\n      <\/div>\n      <div class=\"caja dos\">\n        <h4>02<\/h4>\n        <h5>Organizador de despensa<\/h5>\n        <a href=\"http:\/\/organizadorprofesional.com\/pt\/organizador-de-despensa\/\">MAIS INFORMA\u00c7\u00d5ES<\/a>\n      <\/div>\n      <div class=\"caja tres\">\n        <h4>03<\/h4>\n        <h5>Organiza\u00e7\u00e3o da sala de armazenamento<\/h5>\n        <a href=\"http:\/\/organizadorprofesional.com\/pt\/organizacao-da-sala-de-armazenamento\/\">MAIS INFORMA\u00c7\u00d5ES<\/a>\n      <\/div>\n      <div class=\"caja cuatro\">\n        <h4>04<\/h4>\n        <h5>Organizar uma mudan\u00e7a<\/h5>\n        <a href=\"http:\/\/organizadorprofesional.com\/pt\/organizar-uma-mudanca\/\">MAIS INFORMA\u00c7\u00d5ES<\/a>\n      <\/div>\n      <div class=\"caja cinco\">\n        <h4>05<\/h4>\n        <h5>Organizador de escrit\u00f3rio profissional<\/h5>\n        <a href=\"http:\/\/organizadorprofesional.com\/pt\/organizador-de-escritorio-profissional\/\">MAIS INFORMA\u00c7\u00d5ES<\/a>\n      <\/div>\n    <\/div>\n  <\/article>\n<\/section>\n","protected":false},"excerpt":{"rendered":"<p>Organizador de despensa Contrate um organizador de despensa Cada vez que tendemos a armazenar mais e mais alimentos. Essa a\u00e7\u00e3o muitas vezes nos leva a guardar as coisas sem ordem e acabamos tendo uma despensa bagun\u00e7ada na qual n\u00e3o encontramos nada. Voc\u00ea se sente identificado? Possui organizador de despensa. Benef\u00edcios da sua ajuda Quais s\u00e3o [&hellip;]<\/p>\n","protected":false},"author":6,"featured_media":0,"parent":0,"menu_order":0,"comment_status":"closed","ping_status":"closed","template":"","meta":{"footnotes":""},"class_list":["post-875","page","type-page","status-publish","hentry"],"yoast_head":"<!-- This site is optimized with the Yoast SEO plugin v24.9 - https:\/\/yoast.com\/wordpress\/plugins\/seo\/ -->\n<title>Organizador de despensa<\/title>\n<meta name=\"description\" content=\"Descubra as vantagens de ter um organizador de despensa. Vai te ajudar a maximizar o espa\u00e7o e organizar sua comida com mais sentido\" \/>\n<meta name=\"robots\" content=\"index, follow, max-snippet:-1, max-image-preview:large, max-video-preview:-1\" \/>\n<link rel=\"canonical\" href=\"https:\/\/organizadorprofesional.com\/pt\/organizador-de-despensa\/\" \/>\n<meta property=\"og:locale\" content=\"es_ES\" \/>\n<meta property=\"og:type\" content=\"article\" \/>\n<meta property=\"og:title\" content=\"Organizador de despensa\" \/>\n<meta property=\"og:description\" content=\"Descubra as vantagens de ter um organizador de despensa. Vai te ajudar a maximizar o espa\u00e7o e organizar sua comida com mais sentido\" \/>\n<meta property=\"og:url\" content=\"https:\/\/organizadorprofesional.com\/pt\/organizador-de-despensa\/\" \/>\n<meta property=\"og:site_name\" content=\"Organizador profissional\" \/>\n<meta property=\"article:modified_time\" content=\"2022-05-03T13:28:08+00:00\" \/>\n<meta property=\"og:image\" content=\"http:\/\/organizadorprofesional.com\/pt\/wp-content\/themes\/advtheme\/imgs\/intro-servicios-cocinas.jpg\" \/>\n<meta name=\"twitter:card\" content=\"summary_large_image\" \/>\n<meta name=\"twitter:label1\" content=\"Tiempo de lectura\" \/>\n\t<meta name=\"twitter:data1\" content=\"3 minutos\" \/>\n<script type=\"application\/ld+json\" class=\"yoast-schema-graph\">{\"@context\":\"https:\/\/schema.org\",\"@graph\":[{\"@type\":\"WebPage\",\"@id\":\"https:\/\/organizadorprofesional.com\/pt\/organizador-de-despensa\/\",\"url\":\"https:\/\/organizadorprofesional.com\/pt\/organizador-de-despensa\/\",\"name\":\"Organizador de despensa\",\"isPartOf\":{\"@id\":\"https:\/\/organizadorprofesional.com\/pt\/#website\"},\"primaryImageOfPage\":{\"@id\":\"https:\/\/organizadorprofesional.com\/pt\/organizador-de-despensa\/#primaryimage\"},\"image\":{\"@id\":\"https:\/\/organizadorprofesional.com\/pt\/organizador-de-despensa\/#primaryimage\"},\"thumbnailUrl\":\"http:\/\/organizadorprofesional.com\/pt\/wp-content\/themes\/advtheme\/imgs\/intro-servicios-cocinas.jpg\",\"datePublished\":\"2022-04-06T16:01:38+00:00\",\"dateModified\":\"2022-05-03T13:28:08+00:00\",\"description\":\"Descubra as vantagens de ter um organizador de despensa. Vai te ajudar a maximizar o espa\u00e7o e organizar sua comida com mais sentido\",\"breadcrumb\":{\"@id\":\"https:\/\/organizadorprofesional.com\/pt\/organizador-de-despensa\/#breadcrumb\"},\"inLanguage\":\"es\",\"potentialAction\":[{\"@type\":\"ReadAction\",\"target\":[\"https:\/\/organizadorprofesional.com\/pt\/organizador-de-despensa\/\"]}]},{\"@type\":\"ImageObject\",\"inLanguage\":\"es\",\"@id\":\"https:\/\/organizadorprofesional.com\/pt\/organizador-de-despensa\/#primaryimage\",\"url\":\"http:\/\/organizadorprofesional.com\/pt\/wp-content\/themes\/advtheme\/imgs\/intro-servicios-cocinas.jpg\",\"contentUrl\":\"http:\/\/organizadorprofesional.com\/pt\/wp-content\/themes\/advtheme\/imgs\/intro-servicios-cocinas.jpg\"},{\"@type\":\"BreadcrumbList\",\"@id\":\"https:\/\/organizadorprofesional.com\/pt\/organizador-de-despensa\/#breadcrumb\",\"itemListElement\":[{\"@type\":\"ListItem\",\"position\":1,\"name\":\"Portada\",\"item\":\"https:\/\/organizadorprofesional.com\/pt\/\"},{\"@type\":\"ListItem\",\"position\":2,\"name\":\"Organizador de despensa\"}]},{\"@type\":\"WebSite\",\"@id\":\"https:\/\/organizadorprofesional.com\/pt\/#website\",\"url\":\"https:\/\/organizadorprofesional.com\/pt\/\",\"name\":\"Organizador profissional\",\"description\":\"Organizador profissional\",\"potentialAction\":[{\"@type\":\"SearchAction\",\"target\":{\"@type\":\"EntryPoint\",\"urlTemplate\":\"https:\/\/organizadorprofesional.com\/pt\/?s={search_term_string}\"},\"query-input\":{\"@type\":\"PropertyValueSpecification\",\"valueRequired\":true,\"valueName\":\"search_term_string\"}}],\"inLanguage\":\"es\"}]}<\/script>\n<!-- \/ Yoast SEO plugin. -->","yoast_head_json":{"title":"Organizador de despensa","description":"Descubra as vantagens de ter um organizador de despensa. Vai te ajudar a maximizar o espa\u00e7o e organizar sua comida com mais sentido","robots":{"index":"index","follow":"follow","max-snippet":"max-snippet:-1","max-image-preview":"max-image-preview:large","max-video-preview":"max-video-preview:-1"},"canonical":"https:\/\/organizadorprofesional.com\/pt\/organizador-de-despensa\/","og_locale":"es_ES","og_type":"article","og_title":"Organizador de despensa","og_description":"Descubra as vantagens de ter um organizador de despensa. Vai te ajudar a maximizar o espa\u00e7o e organizar sua comida com mais sentido","og_url":"https:\/\/organizadorprofesional.com\/pt\/organizador-de-despensa\/","og_site_name":"Organizador profissional","article_modified_time":"2022-05-03T13:28:08+00:00","og_image":[{"url":"http:\/\/organizadorprofesional.com\/pt\/wp-content\/themes\/advtheme\/imgs\/intro-servicios-cocinas.jpg","type":"","width":"","height":""}],"twitter_card":"summary_large_image","twitter_misc":{"Tiempo de lectura":"3 minutos"},"schema":{"@context":"https:\/\/schema.org","@graph":[{"@type":"WebPage","@id":"https:\/\/organizadorprofesional.com\/pt\/organizador-de-despensa\/","url":"https:\/\/organizadorprofesional.com\/pt\/organizador-de-despensa\/","name":"Organizador de despensa","isPartOf":{"@id":"https:\/\/organizadorprofesional.com\/pt\/#website"},"primaryImageOfPage":{"@id":"https:\/\/organizadorprofesional.com\/pt\/organizador-de-despensa\/#primaryimage"},"image":{"@id":"https:\/\/organizadorprofesional.com\/pt\/organizador-de-despensa\/#primaryimage"},"thumbnailUrl":"http:\/\/organizadorprofesional.com\/pt\/wp-content\/themes\/advtheme\/imgs\/intro-servicios-cocinas.jpg","datePublished":"2022-04-06T16:01:38+00:00","dateModified":"2022-05-03T13:28:08+00:00","description":"Descubra as vantagens de ter um organizador de despensa. Vai te ajudar a maximizar o espa\u00e7o e organizar sua comida com mais sentido","breadcrumb":{"@id":"https:\/\/organizadorprofesional.com\/pt\/organizador-de-despensa\/#breadcrumb"},"inLanguage":"es","potentialAction":[{"@type":"ReadAction","target":["https:\/\/organizadorprofesional.com\/pt\/organizador-de-despensa\/"]}]},{"@type":"ImageObject","inLanguage":"es","@id":"https:\/\/organizadorprofesional.com\/pt\/organizador-de-despensa\/#primaryimage","url":"http:\/\/organizadorprofesional.com\/pt\/wp-content\/themes\/advtheme\/imgs\/intro-servicios-cocinas.jpg","contentUrl":"http:\/\/organizadorprofesional.com\/pt\/wp-content\/themes\/advtheme\/imgs\/intro-servicios-cocinas.jpg"},{"@type":"BreadcrumbList","@id":"https:\/\/organizadorprofesional.com\/pt\/organizador-de-despensa\/#breadcrumb","itemListElement":[{"@type":"ListItem","position":1,"name":"Portada","item":"https:\/\/organizadorprofesional.com\/pt\/"},{"@type":"ListItem","position":2,"name":"Organizador de despensa"}]},{"@type":"WebSite","@id":"https:\/\/organizadorprofesional.com\/pt\/#website","url":"https:\/\/organizadorprofesional.com\/pt\/","name":"Organizador profissional","description":"Organizador profissional","potentialAction":[{"@type":"SearchAction","target":{"@type":"EntryPoint","urlTemplate":"https:\/\/organizadorprofesional.com\/pt\/?s={search_term_string}"},"query-input":{"@type":"PropertyValueSpecification","valueRequired":true,"valueName":"search_term_string"}}],"inLanguage":"es"}]}},"_links":{"self":[{"href":"https:\/\/organizadorprofesional.com\/pt\/wp-json\/wp\/v2\/pages\/875","targetHints":{"allow":["GET"]}}],"collection":[{"href":"https:\/\/organizadorprofesional.com\/pt\/wp-json\/wp\/v2\/pages"}],"about":[{"href":"https:\/\/organizadorprofesional.com\/pt\/wp-json\/wp\/v2\/types\/page"}],"author":[{"embeddable":true,"href":"https:\/\/organizadorprofesional.com\/pt\/wp-json\/wp\/v2\/users\/6"}],"replies":[{"embeddable":true,"href":"https:\/\/organizadorprofesional.com\/pt\/wp-json\/wp\/v2\/comments?post=875"}],"version-history":[{"count":7,"href":"https:\/\/organizadorprofesional.com\/pt\/wp-json\/wp\/v2\/pages\/875\/revisions"}],"predecessor-version":[{"id":1020,"href":"https:\/\/organizadorprofesional.com\/pt\/wp-json\/wp\/v2\/pages\/875\/revisions\/1020"}],"wp:attachment":[{"href":"https:\/\/organizadorprofesional.com\/pt\/wp-json\/wp\/v2\/media?parent=875"}],"curies":[{"name":"wp","href":"https:\/\/api.w.org\/{rel}","templated":true}]}}