{"id":878,"date":"2022-04-06T16:05:16","date_gmt":"2022-04-06T16:05:16","guid":{"rendered":"http:\/\/organizadorprofesional.com\/pt\/?page_id=878"},"modified":"2022-05-03T13:29:00","modified_gmt":"2022-05-03T13:29:00","slug":"organizacao-da-sala-de-armazenamento","status":"publish","type":"page","link":"https:\/\/organizadorprofesional.com\/pt\/organizacao-da-sala-de-armazenamento\/","title":{"rendered":"Organiza\u00e7\u00e3o da sala de armazenamento"},"content":{"rendered":"\n<section class=\"cabecera-interior trasterosgarajes\">\n  <article class=\"cuerpo\">\n    <h1>Organiza\u00e7\u00e3o da sala de armazenamento<\/h1>\n  <\/article>\n<\/section>\n<section class=\"intro-servicios reverse\">\n  <article class=\"cuerpo\">\n    <h2 class=\"after center\">Organiza\u00e7\u00e3o da sala de armazenamento por um profissional<\/h2>\n    <p class=\"intro\">Organizar um dep\u00f3sito ou uma garagem pode parecer uma tarefa um tanto simples no in\u00edcio, mas para muitos de n\u00f3s n\u00e3o \u00e9 uma tarefa t\u00e3o f\u00e1cil e acabamos transformando o dep\u00f3sito em um local desorganizado, onde nunca se encontra nada. Uma maneira de evitar que isso aconte\u00e7a conosco \u00e9 escolher um organizador profissional de garagem ou dep\u00f3sito para nos ajudar.<\/p>\n    <div class=\"contenedor\">\n      <div class=\"cajon\">\n        <h2 class=\"after\">Benef\u00edcios da sua contrata\u00e7\u00e3o<\/h2>\n        <p>Est\u00e1 pensando em contratar um organizador de arm\u00e1rios? N\u00f3s dizemos-lhe todos os benef\u00edcios que voc\u00ea ter\u00e1. Voc\u00ea nunca ter\u00e1 sua sala de armazenamento como antes. As principais vantagens s\u00e3o que ter\u00e1 um espa\u00e7o usado e organizado e que lhe permitir\u00e1 poupar tempo.<\/p>\n        <p>Antes de tudo, um profissional saber\u00e1 como aproveitar ao m\u00e1ximo o seu espa\u00e7o e como organiz\u00e1-lo para que voc\u00ea tenha tudo arrumado e \u00e0 vista. Eles conhecem muitas t\u00e9cnicas de organiza\u00e7\u00e3o de garagens e dep\u00f3sitos, para maximizar o espa\u00e7o que voc\u00ea tem. E, tamb\u00e9m, adora ter a sua arrecada\u00e7\u00e3o arrumada, mas n\u00e3o tem tempo para o fazer? Opte por contratar um organizador de garagem profissional. Voc\u00ea ter\u00e1 tudo perfeito e muito mais cedo do que esperava. N\u00e3o perca mais seu tempo livre com tarefas t\u00e3o tediosas.<\/p>\n        <a href=\"#anclaform\" class=\"btn\">MAIS INFORMA\u00c7\u00d5ES<\/a>\n      <\/div>\n      <div class=\"img\">\n        <img decoding=\"async\" src=\"http:\/\/organizadorprofesional.com\/pt\/wp-content\/themes\/advtheme\/imgs\/intro-servicios-trasterosgarajes.jpg\" alt=\"\">\n      <\/div>\n    <\/div>\n  <\/article>\n<\/section>\n<section class=\"banner-servicios\">\n  <article class=\"cuerpo\">\n    <h2 class=\"after center\">Qual \u00e9 a sua fun\u00e7\u00e3o?<\/h2>\n    <p>A principal fun\u00e7\u00e3o de um organizador profissional de garagens ou dep\u00f3sitos \u00e9 colocar ordem nesses espa\u00e7os com sua ajuda, se desejar, para que tudo esteja bem colocado e organizado, mas ao mesmo tempo ao seu gosto.<\/p>\n  <\/article>\n  <div class=\"fondobanner trasterosgarajes\">\n    <h2>N\u00e3o sabe por onde come\u00e7ar? Esse profissional vai te ajudar a seguir orienta\u00e7\u00f5es e sistemas adequados para n\u00e3o se sobrecarregar com isso e colocar tudo em ordem da melhor forma.<\/h2>\n  <\/div>\n<\/section>\n<section class=\"medio-home\">\n  <h2 class=\"after center\">Dicas e ideias para organizar a sala de armazenamento<\/h2>\n  <p class=\"normalmargen\">O organizador profissional n\u00e3o s\u00f3 organizar\u00e1 perfeitamente tudo o que voc\u00ea tem neste tipo de espa\u00e7o, mas tamb\u00e9m lhe dar\u00e1 muitas id\u00e9ias e conselhos sobre como organizar sua garagem ou dep\u00f3sito. Por exemplo, o que voc\u00ea deve fazer se tiver que armazenar algo novo sem estragar tudo o que veio antes, como incorporar bicicletas e outros objetos grandes, etc.<\/p>\n  <p class=\"normalmargen\">Tudo isso ir\u00e1 ajud\u00e1-lo no futuro para que voc\u00ea possa manter a ordem o m\u00e1ximo poss\u00edvel e saber onde colocar tudo no lugar certo, dependendo do espa\u00e7o que voc\u00ea tem e do uso que voc\u00ea d\u00e1.<\/p>\n  <p>Se pretende uma organiza\u00e7\u00e3o perfeita da arrecada\u00e7\u00e3o ou garagem, conte com a ajuda de um dos nossos profissionais. Conte-nos sua ideia e teremos tudo pronto para voc\u00ea em menos tempo do que voc\u00ea imaginava. Mostre seu dep\u00f3sito ou garagem a partir de agora!<\/p>\n  <div class=\"owl-carousel\" id=\"owl-carousel-organizadorpersonal\">\n    <img decoding=\"async\" src=\"http:\/\/organizadorprofesional.com\/pt\/wp-content\/themes\/advtheme\/imgs\/medio-trasterosgarajes-1.jpg\">\n    <img decoding=\"async\" src=\"http:\/\/organizadorprofesional.com\/pt\/wp-content\/themes\/advtheme\/imgs\/medio-trasterosgarajes-2.jpg\">\n    <img decoding=\"async\" src=\"http:\/\/organizadorprofesional.com\/pt\/wp-content\/themes\/advtheme\/imgs\/medio-trasterosgarajes-3.jpg\">\n  <\/div>\n<\/section>\n<section class=\"intro-home servicios\">\n  <article class=\"cuerpo\">\n    <h2 class=\"after center\">Nossos servi\u00e7os<\/h2>\n    <p>Gra\u00e7as \u00e0 contrata\u00e7\u00e3o de uma sala de armazenamento profissional ou organizador de garagem, vamos ajud\u00e1-lo a tornar esses espa\u00e7os perfeitamente organizados. Voc\u00ea n\u00e3o ter\u00e1 mais que se preocupar em querer estabelecer a ordem, ter\u00e1 tudo pronto!<\/p>\n    <div class=\"owl-carousel\" id=\"owl-carousel-servicios\">\n      <div class=\"caja uno\">\n        <h4>01<\/h4>\n        <h5>Organizador de arm\u00e1rios<\/h5>\n        <a href=\"http:\/\/organizadorprofesional.com\/pt\/organizador-de-armarios\/\">MAIS INFORMA\u00c7\u00d5ES<\/a>\n      <\/div>\n      <div class=\"caja dos\">\n        <h4>02<\/h4>\n        <h5>Organizador de despensa<\/h5>\n        <a href=\"http:\/\/organizadorprofesional.com\/pt\/organizador-de-despensa\/\">MAIS INFORMA\u00c7\u00d5ES<\/a>\n      <\/div>\n      <div class=\"caja tres\">\n        <h4>03<\/h4>\n        <h5>Organiza\u00e7\u00e3o da sala de armazenamento<\/h5>\n        <a href=\"http:\/\/organizadorprofesional.com\/pt\/organizacao-da-sala-de-armazenamento\/\">MAIS INFORMA\u00c7\u00d5ES<\/a>\n      <\/div>\n      <div class=\"caja cuatro\">\n        <h4>04<\/h4>\n        <h5>Organizar uma mudan\u00e7a<\/h5>\n        <a href=\"http:\/\/organizadorprofesional.com\/pt\/organizar-uma-mudanca\/\">MAIS INFORMA\u00c7\u00d5ES<\/a>\n      <\/div>\n      <div class=\"caja cinco\">\n        <h4>05<\/h4>\n        <h5>Organizador de escrit\u00f3rio profissional<\/h5>\n        <a href=\"http:\/\/organizadorprofesional.com\/pt\/organizador-de-escritorio-profissional\/\">MAIS INFORMA\u00c7\u00d5ES<\/a>\n      <\/div>\n    <\/div>\n  <\/article>\n<\/section>\n\n\n\n<p><\/p>\n","protected":false},"excerpt":{"rendered":"<p>Organiza\u00e7\u00e3o da sala de armazenamento Organiza\u00e7\u00e3o da sala de armazenamento por um profissional Organizar um dep\u00f3sito ou uma garagem pode parecer uma tarefa um tanto simples no in\u00edcio, mas para muitos de n\u00f3s n\u00e3o \u00e9 uma tarefa t\u00e3o f\u00e1cil e acabamos transformando o dep\u00f3sito em um local desorganizado, onde nunca se encontra nada. Uma maneira [&hellip;]<\/p>\n","protected":false},"author":6,"featured_media":0,"parent":0,"menu_order":0,"comment_status":"closed","ping_status":"closed","template":"","meta":{"footnotes":""},"class_list":["post-878","page","type-page","status-publish","hentry"],"yoast_head":"<!-- This site is optimized with the Yoast SEO plugin v24.9 - https:\/\/yoast.com\/wordpress\/plugins\/seo\/ -->\n<title>Organiza\u00e7\u00e3o da sala de armazenamento<\/title>\n<meta name=\"description\" content=\"Quer ter uma excelente organiza\u00e7\u00e3o da arrecada\u00e7\u00e3o? Conte com a ajuda de um profissional. N\u00f3s dizemos-lhe os benef\u00edcios.\" \/>\n<meta name=\"robots\" content=\"index, follow, max-snippet:-1, max-image-preview:large, max-video-preview:-1\" \/>\n<link rel=\"canonical\" href=\"https:\/\/organizadorprofesional.com\/pt\/organizacao-da-sala-de-armazenamento\/\" \/>\n<meta property=\"og:locale\" content=\"es_ES\" \/>\n<meta property=\"og:type\" content=\"article\" \/>\n<meta property=\"og:title\" content=\"Organiza\u00e7\u00e3o da sala de armazenamento\" \/>\n<meta property=\"og:description\" content=\"Quer ter uma excelente organiza\u00e7\u00e3o da arrecada\u00e7\u00e3o? Conte com a ajuda de um profissional. N\u00f3s dizemos-lhe os benef\u00edcios.\" \/>\n<meta property=\"og:url\" content=\"https:\/\/organizadorprofesional.com\/pt\/organizacao-da-sala-de-armazenamento\/\" \/>\n<meta property=\"og:site_name\" content=\"Organizador profissional\" \/>\n<meta property=\"article:modified_time\" content=\"2022-05-03T13:29:00+00:00\" \/>\n<meta property=\"og:image\" content=\"http:\/\/organizadorprofesional.com\/pt\/wp-content\/themes\/advtheme\/imgs\/intro-servicios-trasterosgarajes.jpg\" \/>\n<meta name=\"twitter:card\" content=\"summary_large_image\" \/>\n<meta name=\"twitter:label1\" content=\"Tiempo de lectura\" \/>\n\t<meta name=\"twitter:data1\" content=\"4 minutos\" \/>\n<script type=\"application\/ld+json\" class=\"yoast-schema-graph\">{\"@context\":\"https:\/\/schema.org\",\"@graph\":[{\"@type\":\"WebPage\",\"@id\":\"https:\/\/organizadorprofesional.com\/pt\/organizacao-da-sala-de-armazenamento\/\",\"url\":\"https:\/\/organizadorprofesional.com\/pt\/organizacao-da-sala-de-armazenamento\/\",\"name\":\"Organiza\u00e7\u00e3o da sala de armazenamento\",\"isPartOf\":{\"@id\":\"https:\/\/organizadorprofesional.com\/pt\/#website\"},\"primaryImageOfPage\":{\"@id\":\"https:\/\/organizadorprofesional.com\/pt\/organizacao-da-sala-de-armazenamento\/#primaryimage\"},\"image\":{\"@id\":\"https:\/\/organizadorprofesional.com\/pt\/organizacao-da-sala-de-armazenamento\/#primaryimage\"},\"thumbnailUrl\":\"http:\/\/organizadorprofesional.com\/pt\/wp-content\/themes\/advtheme\/imgs\/intro-servicios-trasterosgarajes.jpg\",\"datePublished\":\"2022-04-06T16:05:16+00:00\",\"dateModified\":\"2022-05-03T13:29:00+00:00\",\"description\":\"Quer ter uma excelente organiza\u00e7\u00e3o da arrecada\u00e7\u00e3o? Conte com a ajuda de um profissional. N\u00f3s dizemos-lhe os benef\u00edcios.\",\"breadcrumb\":{\"@id\":\"https:\/\/organizadorprofesional.com\/pt\/organizacao-da-sala-de-armazenamento\/#breadcrumb\"},\"inLanguage\":\"es\",\"potentialAction\":[{\"@type\":\"ReadAction\",\"target\":[\"https:\/\/organizadorprofesional.com\/pt\/organizacao-da-sala-de-armazenamento\/\"]}]},{\"@type\":\"ImageObject\",\"inLanguage\":\"es\",\"@id\":\"https:\/\/organizadorprofesional.com\/pt\/organizacao-da-sala-de-armazenamento\/#primaryimage\",\"url\":\"http:\/\/organizadorprofesional.com\/pt\/wp-content\/themes\/advtheme\/imgs\/intro-servicios-trasterosgarajes.jpg\",\"contentUrl\":\"http:\/\/organizadorprofesional.com\/pt\/wp-content\/themes\/advtheme\/imgs\/intro-servicios-trasterosgarajes.jpg\"},{\"@type\":\"BreadcrumbList\",\"@id\":\"https:\/\/organizadorprofesional.com\/pt\/organizacao-da-sala-de-armazenamento\/#breadcrumb\",\"itemListElement\":[{\"@type\":\"ListItem\",\"position\":1,\"name\":\"Portada\",\"item\":\"https:\/\/organizadorprofesional.com\/pt\/\"},{\"@type\":\"ListItem\",\"position\":2,\"name\":\"Organiza\u00e7\u00e3o da sala de armazenamento\"}]},{\"@type\":\"WebSite\",\"@id\":\"https:\/\/organizadorprofesional.com\/pt\/#website\",\"url\":\"https:\/\/organizadorprofesional.com\/pt\/\",\"name\":\"Organizador profissional\",\"description\":\"Organizador profissional\",\"potentialAction\":[{\"@type\":\"SearchAction\",\"target\":{\"@type\":\"EntryPoint\",\"urlTemplate\":\"https:\/\/organizadorprofesional.com\/pt\/?s={search_term_string}\"},\"query-input\":{\"@type\":\"PropertyValueSpecification\",\"valueRequired\":true,\"valueName\":\"search_term_string\"}}],\"inLanguage\":\"es\"}]}<\/script>\n<!-- \/ Yoast SEO plugin. -->","yoast_head_json":{"title":"Organiza\u00e7\u00e3o da sala de armazenamento","description":"Quer ter uma excelente organiza\u00e7\u00e3o da arrecada\u00e7\u00e3o? Conte com a ajuda de um profissional. N\u00f3s dizemos-lhe os benef\u00edcios.","robots":{"index":"index","follow":"follow","max-snippet":"max-snippet:-1","max-image-preview":"max-image-preview:large","max-video-preview":"max-video-preview:-1"},"canonical":"https:\/\/organizadorprofesional.com\/pt\/organizacao-da-sala-de-armazenamento\/","og_locale":"es_ES","og_type":"article","og_title":"Organiza\u00e7\u00e3o da sala de armazenamento","og_description":"Quer ter uma excelente organiza\u00e7\u00e3o da arrecada\u00e7\u00e3o? Conte com a ajuda de um profissional. N\u00f3s dizemos-lhe os benef\u00edcios.","og_url":"https:\/\/organizadorprofesional.com\/pt\/organizacao-da-sala-de-armazenamento\/","og_site_name":"Organizador profissional","article_modified_time":"2022-05-03T13:29:00+00:00","og_image":[{"url":"http:\/\/organizadorprofesional.com\/pt\/wp-content\/themes\/advtheme\/imgs\/intro-servicios-trasterosgarajes.jpg","type":"","width":"","height":""}],"twitter_card":"summary_large_image","twitter_misc":{"Tiempo de lectura":"4 minutos"},"schema":{"@context":"https:\/\/schema.org","@graph":[{"@type":"WebPage","@id":"https:\/\/organizadorprofesional.com\/pt\/organizacao-da-sala-de-armazenamento\/","url":"https:\/\/organizadorprofesional.com\/pt\/organizacao-da-sala-de-armazenamento\/","name":"Organiza\u00e7\u00e3o da sala de armazenamento","isPartOf":{"@id":"https:\/\/organizadorprofesional.com\/pt\/#website"},"primaryImageOfPage":{"@id":"https:\/\/organizadorprofesional.com\/pt\/organizacao-da-sala-de-armazenamento\/#primaryimage"},"image":{"@id":"https:\/\/organizadorprofesional.com\/pt\/organizacao-da-sala-de-armazenamento\/#primaryimage"},"thumbnailUrl":"http:\/\/organizadorprofesional.com\/pt\/wp-content\/themes\/advtheme\/imgs\/intro-servicios-trasterosgarajes.jpg","datePublished":"2022-04-06T16:05:16+00:00","dateModified":"2022-05-03T13:29:00+00:00","description":"Quer ter uma excelente organiza\u00e7\u00e3o da arrecada\u00e7\u00e3o? Conte com a ajuda de um profissional. N\u00f3s dizemos-lhe os benef\u00edcios.","breadcrumb":{"@id":"https:\/\/organizadorprofesional.com\/pt\/organizacao-da-sala-de-armazenamento\/#breadcrumb"},"inLanguage":"es","potentialAction":[{"@type":"ReadAction","target":["https:\/\/organizadorprofesional.com\/pt\/organizacao-da-sala-de-armazenamento\/"]}]},{"@type":"ImageObject","inLanguage":"es","@id":"https:\/\/organizadorprofesional.com\/pt\/organizacao-da-sala-de-armazenamento\/#primaryimage","url":"http:\/\/organizadorprofesional.com\/pt\/wp-content\/themes\/advtheme\/imgs\/intro-servicios-trasterosgarajes.jpg","contentUrl":"http:\/\/organizadorprofesional.com\/pt\/wp-content\/themes\/advtheme\/imgs\/intro-servicios-trasterosgarajes.jpg"},{"@type":"BreadcrumbList","@id":"https:\/\/organizadorprofesional.com\/pt\/organizacao-da-sala-de-armazenamento\/#breadcrumb","itemListElement":[{"@type":"ListItem","position":1,"name":"Portada","item":"https:\/\/organizadorprofesional.com\/pt\/"},{"@type":"ListItem","position":2,"name":"Organiza\u00e7\u00e3o da sala de armazenamento"}]},{"@type":"WebSite","@id":"https:\/\/organizadorprofesional.com\/pt\/#website","url":"https:\/\/organizadorprofesional.com\/pt\/","name":"Organizador profissional","description":"Organizador profissional","potentialAction":[{"@type":"SearchAction","target":{"@type":"EntryPoint","urlTemplate":"https:\/\/organizadorprofesional.com\/pt\/?s={search_term_string}"},"query-input":{"@type":"PropertyValueSpecification","valueRequired":true,"valueName":"search_term_string"}}],"inLanguage":"es"}]}},"_links":{"self":[{"href":"https:\/\/organizadorprofesional.com\/pt\/wp-json\/wp\/v2\/pages\/878","targetHints":{"allow":["GET"]}}],"collection":[{"href":"https:\/\/organizadorprofesional.com\/pt\/wp-json\/wp\/v2\/pages"}],"about":[{"href":"https:\/\/organizadorprofesional.com\/pt\/wp-json\/wp\/v2\/types\/page"}],"author":[{"embeddable":true,"href":"https:\/\/organizadorprofesional.com\/pt\/wp-json\/wp\/v2\/users\/6"}],"replies":[{"embeddable":true,"href":"https:\/\/organizadorprofesional.com\/pt\/wp-json\/wp\/v2\/comments?post=878"}],"version-history":[{"count":11,"href":"https:\/\/organizadorprofesional.com\/pt\/wp-json\/wp\/v2\/pages\/878\/revisions"}],"predecessor-version":[{"id":1017,"href":"https:\/\/organizadorprofesional.com\/pt\/wp-json\/wp\/v2\/pages\/878\/revisions\/1017"}],"wp:attachment":[{"href":"https:\/\/organizadorprofesional.com\/pt\/wp-json\/wp\/v2\/media?parent=878"}],"curies":[{"name":"wp","href":"https:\/\/api.w.org\/{rel}","templated":true}]}}