{"id":881,"date":"2022-04-11T09:08:06","date_gmt":"2022-04-11T09:08:06","guid":{"rendered":"http:\/\/organizadorprofesional.com\/pt\/?page_id=881"},"modified":"2022-05-03T13:26:47","modified_gmt":"2022-05-03T13:26:47","slug":"organizacao-de-espacos","status":"publish","type":"page","link":"https:\/\/organizadorprofesional.com\/pt\/organizacao-de-espacos\/","title":{"rendered":"Organiza\u00e7\u00e3o de espa\u00e7os"},"content":{"rendered":"\n<section class=\"cabecera-interior servicios\">\n  <article class=\"cuerpo\">\n    <h1>Servi\u00e7os<\/h1>\n    <h3>Organiza\u00e7\u00e3o de espa\u00e7os<\/h3>\n  <\/article>\n<\/section>\n<section class=\"intro-home\">\n  <article class=\"cuerpo\">\n    <h2 class=\"after center\">Vantagens de um organizador especializado<\/h2>\n    <p>Um organizador profissional \u00e9 um consultor que sabe como capturar as caracter\u00edsticas especiais dos espa\u00e7os que voc\u00ea tem, para ensin\u00e1 -lo a organiz\u00e1 -los e aproveitar ao m\u00e1ximo o curto a longo prazo.<\/p>\n    <div class=\"owl-carousel\" id=\"owl-carousel-servicios\">\n      <div class=\"caja uno\">\n        <h4>01<\/h4>\n        <h5>Organizador de arm\u00e1rios<\/h5>\n        <a href=\"http:\/\/organizadorprofesional.com\/pt\/organizador-de-armarios\/\">MAIS INFORMA\u00c7\u00d5ES<\/a>\n      <\/div>\n      <div class=\"caja dos\">\n        <h4>02<\/h4>\n        <h5>Organizador de despensa<\/h5>\n        <a href=\"http:\/\/organizadorprofesional.com\/pt\/organizador-de-despensa\/\">MAIS INFORMA\u00c7\u00d5ES<\/a>\n      <\/div>\n      <div class=\"caja tres\">\n        <h4>03<\/h4>\n        <h5>Organiza\u00e7\u00e3o da sala de armazenamento<\/h5>\n        <a href=\"http:\/\/organizadorprofesional.com\/pt\/organizacao-da-sala-de-armazenamento\/\">MAIS INFORMA\u00c7\u00d5ES<\/a>\n      <\/div>\n      <div class=\"caja cuatro\">\n        <h4>04<\/h4>\n        <h5>Organizar uma mudan\u00e7a<\/h5>\n        <a href=\"http:\/\/organizadorprofesional.com\/pt\/organizar-uma-mudanca\/\">MAIS INFORMA\u00c7\u00d5ES<\/a>\n      <\/div>\n      <div class=\"caja cinco\">\n        <h4>05<\/h4>\n        <h5>Organizador de escrit\u00f3rio profissional<\/h5>\n        <a href=\"http:\/\/organizadorprofesional.com\/pt\/organizador-de-escritorio-profissional\/\">MAIS INFORMA\u00c7\u00d5ES<\/a>\n      <\/div>\n    <\/div>\n  <\/article>\n<\/section>\n<section class=\"intro-servicios reverse\">\n  <article class=\"cuerpo\">\n    <h2 class=\"after center\">Somente uma vez?<\/h2>\n    <p class=\"intro\">Um organizador de espa\u00e7os profissionais pode ajud\u00e1 -lo em tempo h\u00e1bil para resolver seu problema, mas \u00e9 melhor aprender com ele para poder se gerenciar, em um futuro pr\u00f3ximo, qualquer desafio organizacional que possa ser apresentado a voc\u00ea, ambos em seu vida profissional e na esfera dom\u00e9stica.<\/p>\n    <div class=\"contenedor\">\n      <div class=\"cajon\">\n        <h2 class=\"after\">Como um organizador profissional pode alcan\u00e7\u00e1 -lo?<\/h2>\n        <p>O organizador profissional fornece uma s\u00e9rie de estrat\u00e9gias e ensinamentos para que voc\u00ea aprenda a gerenciar, desde o primeiro minuto, seu espa\u00e7o e seu tempo, seja trabalho ou dom\u00e9stico. No final, isso permite que voc\u00ea evite a perda de tempo indesejada que eles jogam contra seu prest\u00edgio e tornam os sentimentos de frustra\u00e7\u00e3o em si mesmo, n\u00e3o obtendo os objetivos que voc\u00ea esperava.<\/p>\n        <p>Finalmente, a organiza\u00e7\u00e3o profissional dos espa\u00e7os n\u00e3o \u00e9 uma frivolidade. Mais de uma pessoa ou empresa percebeu o qu\u00e3o necess\u00e1rio \u00e9 ter espa\u00e7os e agendas bem organizados para dar o m\u00e1ximo desempenho ao seu trabalho e tempo.<\/p>\n        <a href=\"#anclaform\" class=\"btn\">MAIS INFORMA\u00c7\u00d5ES<\/a>\n      <\/div>\n      <div class=\"img\">\n        <img decoding=\"async\" src=\"http:\/\/organizadorprofesional.com\/pt\/wp-content\/themes\/advtheme\/imgs\/intro-servicios.jpg\" alt=\"\">\n      <\/div>\n    <\/div>\n  <\/article>\n<\/section>\n<section class=\"banner-servicios\">\n  <div class=\"fondobanner servicios\">\n    <h2>Um organizador profissional tamb\u00e9m formar\u00e1 e ensinar\u00e1 sistemas de organiza\u00e7\u00e3o para que seu tempo seja o mais produtivo poss\u00edvel.<\/h2>\n  <\/div>\n<\/section>\n<section class=\"medio-home\">\n  <h2 class=\"after center\">Sua colabora\u00e7\u00e3o no processo<\/h2>\n  <p class=\"normalmargen\">Para conseguir isso, como cliente, \u00e9 muito importante que voc\u00ea explique sua ideia e suas expectativas para o organizador. Com base nisso, o profissional mostrar\u00e1 suas melhores op\u00e7\u00f5es, tanto a aquisi\u00e7\u00e3o espec\u00edfica de m\u00f3veis quanto a elimina\u00e7\u00e3o de objetos e m\u00f3veis que, em vez de serem \u00fateis, podem se tornar um obst\u00e1culo.<\/p>\n  <p class=\"normalmargen\">Agindo dessa maneira, juntos, cliente e organizador, eles conseguem fazer alguma id\u00e9ia para otimizar o espa\u00e7o e o tempo, ajudando voc\u00ea a obter o m\u00e1ximo benef\u00edcio para o seu esfor\u00e7o.<\/p>\n  <p>Voc\u00ea n\u00e3o sabe por onde come\u00e7ar na organiza\u00e7\u00e3o de algum espa\u00e7o? N\u00e3o hesite e entre em contato conosco, conte -nos sua ideia e como podemos ajud\u00e1 -lo. Tudo estar\u00e1 pronto em menos tempo do que voc\u00ea espera.<\/p>\n  <div class=\"owl-carousel\" id=\"owl-carousel-organizadorpersonal\">\n    <img decoding=\"async\" src=\"http:\/\/organizadorprofesional.com\/pt\/wp-content\/themes\/advtheme\/imgs\/medio-servicios-1.jpg\">\n    <img decoding=\"async\" src=\"http:\/\/organizadorprofesional.com\/pt\/wp-content\/themes\/advtheme\/imgs\/medio-servicios-2.jpg\">\n    <img decoding=\"async\" src=\"http:\/\/organizadorprofesional.com\/pt\/wp-content\/themes\/advtheme\/imgs\/medio-servicios-3.jpg\">\n  <\/div>\n<\/section>\n","protected":false},"excerpt":{"rendered":"<p>Servi\u00e7os Organiza\u00e7\u00e3o de espa\u00e7os Vantagens de um organizador especializado Um organizador profissional \u00e9 um consultor que sabe como capturar as caracter\u00edsticas especiais dos espa\u00e7os que voc\u00ea tem, para ensin\u00e1 -lo a organiz\u00e1 -los e aproveitar ao m\u00e1ximo o curto a longo prazo. 01 Organizador de arm\u00e1rios MAIS INFORMA\u00c7\u00d5ES 02 Organizador de despensa MAIS INFORMA\u00c7\u00d5ES 03 [&hellip;]<\/p>\n","protected":false},"author":6,"featured_media":0,"parent":0,"menu_order":0,"comment_status":"closed","ping_status":"closed","template":"","meta":{"footnotes":""},"class_list":["post-881","page","type-page","status-publish","hentry"],"yoast_head":"<!-- This site is optimized with the Yoast SEO plugin v24.9 - https:\/\/yoast.com\/wordpress\/plugins\/seo\/ -->\n<title>Organiza\u00e7\u00e3o de espa\u00e7os<\/title>\n<meta name=\"description\" content=\"Organizador do Espa\u00e7o Profissional, a pessoa que o aconselha e ensina as melhores estrat\u00e9gias para o seu tempo e esfor\u00e7o\" \/>\n<meta name=\"robots\" content=\"index, follow, max-snippet:-1, max-image-preview:large, max-video-preview:-1\" \/>\n<link rel=\"canonical\" href=\"https:\/\/organizadorprofesional.com\/pt\/organizacao-de-espacos\/\" \/>\n<meta property=\"og:locale\" content=\"es_ES\" \/>\n<meta property=\"og:type\" content=\"article\" \/>\n<meta property=\"og:title\" content=\"Organiza\u00e7\u00e3o de espa\u00e7os\" \/>\n<meta property=\"og:description\" content=\"Organizador do Espa\u00e7o Profissional, a pessoa que o aconselha e ensina as melhores estrat\u00e9gias para o seu tempo e esfor\u00e7o\" \/>\n<meta property=\"og:url\" content=\"https:\/\/organizadorprofesional.com\/pt\/organizacao-de-espacos\/\" \/>\n<meta property=\"og:site_name\" content=\"Organizador profissional\" \/>\n<meta property=\"article:modified_time\" content=\"2022-05-03T13:26:47+00:00\" \/>\n<meta property=\"og:image\" content=\"http:\/\/organizadorprofesional.com\/pt\/wp-content\/themes\/advtheme\/imgs\/intro-servicios.jpg\" \/>\n<meta name=\"twitter:card\" content=\"summary_large_image\" \/>\n<meta name=\"twitter:label1\" content=\"Tiempo de lectura\" \/>\n\t<meta name=\"twitter:data1\" content=\"3 minutos\" \/>\n<script type=\"application\/ld+json\" class=\"yoast-schema-graph\">{\"@context\":\"https:\/\/schema.org\",\"@graph\":[{\"@type\":\"WebPage\",\"@id\":\"https:\/\/organizadorprofesional.com\/pt\/organizacao-de-espacos\/\",\"url\":\"https:\/\/organizadorprofesional.com\/pt\/organizacao-de-espacos\/\",\"name\":\"Organiza\u00e7\u00e3o de espa\u00e7os\",\"isPartOf\":{\"@id\":\"https:\/\/organizadorprofesional.com\/pt\/#website\"},\"primaryImageOfPage\":{\"@id\":\"https:\/\/organizadorprofesional.com\/pt\/organizacao-de-espacos\/#primaryimage\"},\"image\":{\"@id\":\"https:\/\/organizadorprofesional.com\/pt\/organizacao-de-espacos\/#primaryimage\"},\"thumbnailUrl\":\"http:\/\/organizadorprofesional.com\/pt\/wp-content\/themes\/advtheme\/imgs\/intro-servicios.jpg\",\"datePublished\":\"2022-04-11T09:08:06+00:00\",\"dateModified\":\"2022-05-03T13:26:47+00:00\",\"description\":\"Organizador do Espa\u00e7o Profissional, a pessoa que o aconselha e ensina as melhores estrat\u00e9gias para o seu tempo e esfor\u00e7o\",\"breadcrumb\":{\"@id\":\"https:\/\/organizadorprofesional.com\/pt\/organizacao-de-espacos\/#breadcrumb\"},\"inLanguage\":\"es\",\"potentialAction\":[{\"@type\":\"ReadAction\",\"target\":[\"https:\/\/organizadorprofesional.com\/pt\/organizacao-de-espacos\/\"]}]},{\"@type\":\"ImageObject\",\"inLanguage\":\"es\",\"@id\":\"https:\/\/organizadorprofesional.com\/pt\/organizacao-de-espacos\/#primaryimage\",\"url\":\"http:\/\/organizadorprofesional.com\/pt\/wp-content\/themes\/advtheme\/imgs\/intro-servicios.jpg\",\"contentUrl\":\"http:\/\/organizadorprofesional.com\/pt\/wp-content\/themes\/advtheme\/imgs\/intro-servicios.jpg\"},{\"@type\":\"BreadcrumbList\",\"@id\":\"https:\/\/organizadorprofesional.com\/pt\/organizacao-de-espacos\/#breadcrumb\",\"itemListElement\":[{\"@type\":\"ListItem\",\"position\":1,\"name\":\"Portada\",\"item\":\"https:\/\/organizadorprofesional.com\/pt\/\"},{\"@type\":\"ListItem\",\"position\":2,\"name\":\"Organiza\u00e7\u00e3o de espa\u00e7os\"}]},{\"@type\":\"WebSite\",\"@id\":\"https:\/\/organizadorprofesional.com\/pt\/#website\",\"url\":\"https:\/\/organizadorprofesional.com\/pt\/\",\"name\":\"Organizador profissional\",\"description\":\"Organizador profissional\",\"potentialAction\":[{\"@type\":\"SearchAction\",\"target\":{\"@type\":\"EntryPoint\",\"urlTemplate\":\"https:\/\/organizadorprofesional.com\/pt\/?s={search_term_string}\"},\"query-input\":{\"@type\":\"PropertyValueSpecification\",\"valueRequired\":true,\"valueName\":\"search_term_string\"}}],\"inLanguage\":\"es\"}]}<\/script>\n<!-- \/ Yoast SEO plugin. -->","yoast_head_json":{"title":"Organiza\u00e7\u00e3o de espa\u00e7os","description":"Organizador do Espa\u00e7o Profissional, a pessoa que o aconselha e ensina as melhores estrat\u00e9gias para o seu tempo e esfor\u00e7o","robots":{"index":"index","follow":"follow","max-snippet":"max-snippet:-1","max-image-preview":"max-image-preview:large","max-video-preview":"max-video-preview:-1"},"canonical":"https:\/\/organizadorprofesional.com\/pt\/organizacao-de-espacos\/","og_locale":"es_ES","og_type":"article","og_title":"Organiza\u00e7\u00e3o de espa\u00e7os","og_description":"Organizador do Espa\u00e7o Profissional, a pessoa que o aconselha e ensina as melhores estrat\u00e9gias para o seu tempo e esfor\u00e7o","og_url":"https:\/\/organizadorprofesional.com\/pt\/organizacao-de-espacos\/","og_site_name":"Organizador profissional","article_modified_time":"2022-05-03T13:26:47+00:00","og_image":[{"url":"http:\/\/organizadorprofesional.com\/pt\/wp-content\/themes\/advtheme\/imgs\/intro-servicios.jpg","type":"","width":"","height":""}],"twitter_card":"summary_large_image","twitter_misc":{"Tiempo de lectura":"3 minutos"},"schema":{"@context":"https:\/\/schema.org","@graph":[{"@type":"WebPage","@id":"https:\/\/organizadorprofesional.com\/pt\/organizacao-de-espacos\/","url":"https:\/\/organizadorprofesional.com\/pt\/organizacao-de-espacos\/","name":"Organiza\u00e7\u00e3o de espa\u00e7os","isPartOf":{"@id":"https:\/\/organizadorprofesional.com\/pt\/#website"},"primaryImageOfPage":{"@id":"https:\/\/organizadorprofesional.com\/pt\/organizacao-de-espacos\/#primaryimage"},"image":{"@id":"https:\/\/organizadorprofesional.com\/pt\/organizacao-de-espacos\/#primaryimage"},"thumbnailUrl":"http:\/\/organizadorprofesional.com\/pt\/wp-content\/themes\/advtheme\/imgs\/intro-servicios.jpg","datePublished":"2022-04-11T09:08:06+00:00","dateModified":"2022-05-03T13:26:47+00:00","description":"Organizador do Espa\u00e7o Profissional, a pessoa que o aconselha e ensina as melhores estrat\u00e9gias para o seu tempo e esfor\u00e7o","breadcrumb":{"@id":"https:\/\/organizadorprofesional.com\/pt\/organizacao-de-espacos\/#breadcrumb"},"inLanguage":"es","potentialAction":[{"@type":"ReadAction","target":["https:\/\/organizadorprofesional.com\/pt\/organizacao-de-espacos\/"]}]},{"@type":"ImageObject","inLanguage":"es","@id":"https:\/\/organizadorprofesional.com\/pt\/organizacao-de-espacos\/#primaryimage","url":"http:\/\/organizadorprofesional.com\/pt\/wp-content\/themes\/advtheme\/imgs\/intro-servicios.jpg","contentUrl":"http:\/\/organizadorprofesional.com\/pt\/wp-content\/themes\/advtheme\/imgs\/intro-servicios.jpg"},{"@type":"BreadcrumbList","@id":"https:\/\/organizadorprofesional.com\/pt\/organizacao-de-espacos\/#breadcrumb","itemListElement":[{"@type":"ListItem","position":1,"name":"Portada","item":"https:\/\/organizadorprofesional.com\/pt\/"},{"@type":"ListItem","position":2,"name":"Organiza\u00e7\u00e3o de espa\u00e7os"}]},{"@type":"WebSite","@id":"https:\/\/organizadorprofesional.com\/pt\/#website","url":"https:\/\/organizadorprofesional.com\/pt\/","name":"Organizador profissional","description":"Organizador profissional","potentialAction":[{"@type":"SearchAction","target":{"@type":"EntryPoint","urlTemplate":"https:\/\/organizadorprofesional.com\/pt\/?s={search_term_string}"},"query-input":{"@type":"PropertyValueSpecification","valueRequired":true,"valueName":"search_term_string"}}],"inLanguage":"es"}]}},"_links":{"self":[{"href":"https:\/\/organizadorprofesional.com\/pt\/wp-json\/wp\/v2\/pages\/881","targetHints":{"allow":["GET"]}}],"collection":[{"href":"https:\/\/organizadorprofesional.com\/pt\/wp-json\/wp\/v2\/pages"}],"about":[{"href":"https:\/\/organizadorprofesional.com\/pt\/wp-json\/wp\/v2\/types\/page"}],"author":[{"embeddable":true,"href":"https:\/\/organizadorprofesional.com\/pt\/wp-json\/wp\/v2\/users\/6"}],"replies":[{"embeddable":true,"href":"https:\/\/organizadorprofesional.com\/pt\/wp-json\/wp\/v2\/comments?post=881"}],"version-history":[{"count":16,"href":"https:\/\/organizadorprofesional.com\/pt\/wp-json\/wp\/v2\/pages\/881\/revisions"}],"predecessor-version":[{"id":1018,"href":"https:\/\/organizadorprofesional.com\/pt\/wp-json\/wp\/v2\/pages\/881\/revisions\/1018"}],"wp:attachment":[{"href":"https:\/\/organizadorprofesional.com\/pt\/wp-json\/wp\/v2\/media?parent=881"}],"curies":[{"name":"wp","href":"https:\/\/api.w.org\/{rel}","templated":true}]}}