{"id":890,"date":"2022-04-11T10:11:24","date_gmt":"2022-04-11T10:11:24","guid":{"rendered":"http:\/\/organizadorprofesional.com\/pt\/?page_id=890"},"modified":"2022-05-03T13:29:49","modified_gmt":"2022-05-03T13:29:49","slug":"organizador-de-escritorio-profissional","status":"publish","type":"page","link":"https:\/\/organizadorprofesional.com\/pt\/organizador-de-escritorio-profissional\/","title":{"rendered":"Organizador de escrit\u00f3rio profissional"},"content":{"rendered":"\n<section class=\"cabecera-interior oficinasynegocios\">\n  <article class=\"cuerpo\">\n    <h1>Organizador de escrit\u00f3rio profissional<\/h1>\n  <\/article>\n<\/section>\n<section class=\"intro-servicios reverse\">\n  <article class=\"cuerpo\">\n    <h2 class=\"after center\">Por que voc\u00ea precisa de n\u00f3s?<\/h2>\n    <p class=\"intro\">A desorganiza\u00e7\u00e3o em seu escrit\u00f3rio impede voc\u00ea de seguir em frente? Voc\u00ea perde muito tempo procurando e se levantando para coisas que n\u00e3o tem em m\u00e3os e que precisa no seu dia a dia? Ent\u00e3o voc\u00ea precisa de um organizador de escrit\u00f3rio profissional. Essa profiss\u00e3o, muito pouco conhecida, \u00e9 oferecida por profissionais que te ajudam a organizar sua mesa, gavetas e at\u00e9 a disposi\u00e7\u00e3o dos diferentes elementos que nela est\u00e3o.<\/p>\n    <div class=\"contenedor\">\n      <div class=\"cajon\">\n        <h2 class=\"after\">O organizador de neg\u00f3cios profissional<\/h2>\n        <p>\u00c9 muito prov\u00e1vel que voc\u00ea j\u00e1 tenha ouvido falar de Marie Kondo, a pessoa que popularizou a profiss\u00e3o. Atrav\u00e9s de seus livros e conselhos, n\u00e3o poucas pessoas conseguiram colocar ordem em suas vidas pessoais, seus guarda-roupas e a casa em geral.<\/p>\n        <p>Basicamente, o organizador de neg\u00f3cios profissional faz a mesma coisa, mas aplicado ao seu escrit\u00f3rio. Quer trabalhe em casa ou fora dela, ajuda-o a organizar-se no seu dia-a-dia profissional. O trabalho deles \u00e9 oferecer informa\u00e7\u00f5es, al\u00e9m de ajud\u00e1-lo a escolher os melhores produtos para organiz\u00e1-lo e ser mais produtivo.<\/p>\n        <a href=\"#anclaform\" class=\"btn\">MAIS INFORMA\u00c7\u00d5ES<\/a>\n      <\/div>\n      <div class=\"img\">\n        <img decoding=\"async\" src=\"http:\/\/organizadorprofesional.com\/pt\/wp-content\/themes\/advtheme\/imgs\/intro-servicios-oficinasynegocios.jpg\" alt=\"\">\n      <\/div>\n    <\/div>\n  <\/article>\n<\/section>\n<section class=\"banner-servicios\">\n  <div class=\"fondobanner oficinasynegocios\">\n    <h2>O organizador de escrit\u00f3rio profissional \u00e9 um guia para atingir seus objetivos, projetando processos e sistemas para voc\u00ea que permitir\u00e3o que voc\u00ea fa\u00e7a mais trabalho em menos tempo.<\/h2>\n  <\/div>\n<\/section>\n<section class=\"medio-home\">\n  <h2 class=\"after center\">Chaves para contratar um organizador de documentos profissional<\/h2>\n  <p class=\"normalmargen\">Se voc\u00ea acha que precisa de um organizador profissional para a empresa, lembre-se de que os benef\u00edcios que voc\u00ea obter\u00e1 s\u00e3o muitos, pois o ajudar\u00e1 no gerenciamento de documentos, bem como na cria\u00e7\u00e3o de sistemas de arquivos. Gra\u00e7as ao fato de que este profissional o ajuda na implementa\u00e7\u00e3o desses sistemas, ap\u00f3s o trabalho dele voc\u00ea poder\u00e1 desenvolv\u00ea-los voc\u00ea mesmo e arquivar cada documento em seu devido lugar para ter tudo em ordem.<\/p>\n  <p>Ao contratar um organizador de documentos profissional, converse com ele e seja honesto sobre quais s\u00e3o suas necessidades, seus pontos fortes e onde voc\u00ea baixa a guarda. Voc\u00ea ficar\u00e1 surpreso com os bons resultados que obter\u00e1 em seu local de trabalho, tanto em casa quanto no escrit\u00f3rio.<\/p>\n  <div class=\"owl-carousel\" id=\"owl-carousel-organizadorpersonal\">\n    <img decoding=\"async\" src=\"http:\/\/organizadorprofesional.com\/pt\/wp-content\/themes\/advtheme\/imgs\/medio-oficinasynegocios-1.jpg\">\n    <img decoding=\"async\" src=\"http:\/\/organizadorprofesional.com\/pt\/wp-content\/themes\/advtheme\/imgs\/medio-oficinasynegocios-2.jpg\">\n    <img decoding=\"async\" src=\"http:\/\/organizadorprofesional.com\/pt\/wp-content\/themes\/advtheme\/imgs\/medio-oficinasynegocios-3.jpg\">\n  <\/div>\n<\/section>\n<section class=\"intro-home servicios\">\n  <article class=\"cuerpo\">\n    <h2 class=\"after center\">Precisa de organiza\u00e7\u00e3o no seu escrit\u00f3rio ou empresa?<\/h2>\n    <p>Se precisa de ajuda e n\u00e3o sabe por onde come\u00e7ar, n\u00e3o hesite em solicitar os nossos servi\u00e7os e diga-nos a sua ideia para que possamos ajud\u00e1-lo. Conosco, voc\u00ea economizar\u00e1 mais tempo do que imagina.<\/p>\n    <div class=\"owl-carousel\" id=\"owl-carousel-servicios\">\n      <div class=\"caja uno\">\n        <h4>01<\/h4>\n        <h5>Organizador de arm\u00e1rios<\/h5>\n        <a href=\"http:\/\/organizadorprofesional.com\/pt\/organizador-de-armarios\/\">MAIS INFORMA\u00c7\u00d5ES<\/a>\n      <\/div>\n      <div class=\"caja dos\">\n        <h4>02<\/h4>\n        <h5>Organizador de despensa<\/h5>\n        <a href=\"http:\/\/organizadorprofesional.com\/pt\/organizador-de-despensa\/\">MAIS INFORMA\u00c7\u00d5ES<\/a>\n      <\/div>\n      <div class=\"caja tres\">\n        <h4>03<\/h4>\n        <h5>Organiza\u00e7\u00e3o da sala de armazenamento<\/h5>\n        <a href=\"http:\/\/organizadorprofesional.com\/pt\/organizacao-da-sala-de-armazenamento\/\">MAIS INFORMA\u00c7\u00d5ES<\/a>\n      <\/div>\n      <div class=\"caja cuatro\">\n        <h4>04<\/h4>\n        <h5>Organizar uma mudan\u00e7a<\/h5>\n        <a href=\"http:\/\/organizadorprofesional.com\/pt\/organizar-uma-mudanca\/\">MAIS INFORMA\u00c7\u00d5ES<\/a>\n      <\/div>\n      <div class=\"caja cinco\">\n        <h4>05<\/h4>\n        <h5>Organizador de escrit\u00f3rio profissional<\/h5>\n        <a href=\"http:\/\/organizadorprofesional.com\/pt\/organizador-de-escritorio-profissional\/\">MAIS INFORMA\u00c7\u00d5ES<\/a>\n      <\/div>\n    <\/div>\n  <\/article>\n<\/section>\n","protected":false},"excerpt":{"rendered":"<p>Organizador de escrit\u00f3rio profissional Por que voc\u00ea precisa de n\u00f3s? A desorganiza\u00e7\u00e3o em seu escrit\u00f3rio impede voc\u00ea de seguir em frente? Voc\u00ea perde muito tempo procurando e se levantando para coisas que n\u00e3o tem em m\u00e3os e que precisa no seu dia a dia? Ent\u00e3o voc\u00ea precisa de um organizador de escrit\u00f3rio profissional. Essa profiss\u00e3o, [&hellip;]<\/p>\n","protected":false},"author":6,"featured_media":0,"parent":0,"menu_order":0,"comment_status":"closed","ping_status":"closed","template":"","meta":{"footnotes":""},"class_list":["post-890","page","type-page","status-publish","hentry"],"yoast_head":"<!-- This site is optimized with the Yoast SEO plugin v24.9 - https:\/\/yoast.com\/wordpress\/plugins\/seo\/ -->\n<title>Organizador de escrit\u00f3rio profissional<\/title>\n<meta name=\"description\" content=\"Contratar os servi\u00e7os de um organizador de escrit\u00f3rio profissional ajuda a organizar os centros de trabalho e otimizar o espa\u00e7o.\" \/>\n<meta name=\"robots\" content=\"index, follow, max-snippet:-1, max-image-preview:large, max-video-preview:-1\" \/>\n<link rel=\"canonical\" href=\"https:\/\/organizadorprofesional.com\/pt\/organizador-de-escritorio-profissional\/\" \/>\n<meta property=\"og:locale\" content=\"es_ES\" \/>\n<meta property=\"og:type\" content=\"article\" \/>\n<meta property=\"og:title\" content=\"Organizador de escrit\u00f3rio profissional\" \/>\n<meta property=\"og:description\" content=\"Contratar os servi\u00e7os de um organizador de escrit\u00f3rio profissional ajuda a organizar os centros de trabalho e otimizar o espa\u00e7o.\" \/>\n<meta property=\"og:url\" content=\"https:\/\/organizadorprofesional.com\/pt\/organizador-de-escritorio-profissional\/\" \/>\n<meta property=\"og:site_name\" content=\"Organizador profissional\" \/>\n<meta property=\"article:modified_time\" content=\"2022-05-03T13:29:49+00:00\" \/>\n<meta property=\"og:image\" content=\"http:\/\/organizadorprofesional.com\/pt\/wp-content\/themes\/advtheme\/imgs\/intro-servicios-oficinasynegocios.jpg\" \/>\n<meta name=\"twitter:card\" content=\"summary_large_image\" \/>\n<meta name=\"twitter:label1\" content=\"Tiempo de lectura\" \/>\n\t<meta name=\"twitter:data1\" content=\"3 minutos\" \/>\n<script type=\"application\/ld+json\" class=\"yoast-schema-graph\">{\"@context\":\"https:\/\/schema.org\",\"@graph\":[{\"@type\":\"WebPage\",\"@id\":\"https:\/\/organizadorprofesional.com\/pt\/organizador-de-escritorio-profissional\/\",\"url\":\"https:\/\/organizadorprofesional.com\/pt\/organizador-de-escritorio-profissional\/\",\"name\":\"Organizador de escrit\u00f3rio profissional\",\"isPartOf\":{\"@id\":\"https:\/\/organizadorprofesional.com\/pt\/#website\"},\"primaryImageOfPage\":{\"@id\":\"https:\/\/organizadorprofesional.com\/pt\/organizador-de-escritorio-profissional\/#primaryimage\"},\"image\":{\"@id\":\"https:\/\/organizadorprofesional.com\/pt\/organizador-de-escritorio-profissional\/#primaryimage\"},\"thumbnailUrl\":\"http:\/\/organizadorprofesional.com\/pt\/wp-content\/themes\/advtheme\/imgs\/intro-servicios-oficinasynegocios.jpg\",\"datePublished\":\"2022-04-11T10:11:24+00:00\",\"dateModified\":\"2022-05-03T13:29:49+00:00\",\"description\":\"Contratar os servi\u00e7os de um organizador de escrit\u00f3rio profissional ajuda a organizar os centros de trabalho e otimizar o espa\u00e7o.\",\"breadcrumb\":{\"@id\":\"https:\/\/organizadorprofesional.com\/pt\/organizador-de-escritorio-profissional\/#breadcrumb\"},\"inLanguage\":\"es\",\"potentialAction\":[{\"@type\":\"ReadAction\",\"target\":[\"https:\/\/organizadorprofesional.com\/pt\/organizador-de-escritorio-profissional\/\"]}]},{\"@type\":\"ImageObject\",\"inLanguage\":\"es\",\"@id\":\"https:\/\/organizadorprofesional.com\/pt\/organizador-de-escritorio-profissional\/#primaryimage\",\"url\":\"http:\/\/organizadorprofesional.com\/pt\/wp-content\/themes\/advtheme\/imgs\/intro-servicios-oficinasynegocios.jpg\",\"contentUrl\":\"http:\/\/organizadorprofesional.com\/pt\/wp-content\/themes\/advtheme\/imgs\/intro-servicios-oficinasynegocios.jpg\"},{\"@type\":\"BreadcrumbList\",\"@id\":\"https:\/\/organizadorprofesional.com\/pt\/organizador-de-escritorio-profissional\/#breadcrumb\",\"itemListElement\":[{\"@type\":\"ListItem\",\"position\":1,\"name\":\"Portada\",\"item\":\"https:\/\/organizadorprofesional.com\/pt\/\"},{\"@type\":\"ListItem\",\"position\":2,\"name\":\"Organizador de escrit\u00f3rio profissional\"}]},{\"@type\":\"WebSite\",\"@id\":\"https:\/\/organizadorprofesional.com\/pt\/#website\",\"url\":\"https:\/\/organizadorprofesional.com\/pt\/\",\"name\":\"Organizador profissional\",\"description\":\"Organizador profissional\",\"potentialAction\":[{\"@type\":\"SearchAction\",\"target\":{\"@type\":\"EntryPoint\",\"urlTemplate\":\"https:\/\/organizadorprofesional.com\/pt\/?s={search_term_string}\"},\"query-input\":{\"@type\":\"PropertyValueSpecification\",\"valueRequired\":true,\"valueName\":\"search_term_string\"}}],\"inLanguage\":\"es\"}]}<\/script>\n<!-- \/ Yoast SEO plugin. -->","yoast_head_json":{"title":"Organizador de escrit\u00f3rio profissional","description":"Contratar os servi\u00e7os de um organizador de escrit\u00f3rio profissional ajuda a organizar os centros de trabalho e otimizar o espa\u00e7o.","robots":{"index":"index","follow":"follow","max-snippet":"max-snippet:-1","max-image-preview":"max-image-preview:large","max-video-preview":"max-video-preview:-1"},"canonical":"https:\/\/organizadorprofesional.com\/pt\/organizador-de-escritorio-profissional\/","og_locale":"es_ES","og_type":"article","og_title":"Organizador de escrit\u00f3rio profissional","og_description":"Contratar os servi\u00e7os de um organizador de escrit\u00f3rio profissional ajuda a organizar os centros de trabalho e otimizar o espa\u00e7o.","og_url":"https:\/\/organizadorprofesional.com\/pt\/organizador-de-escritorio-profissional\/","og_site_name":"Organizador profissional","article_modified_time":"2022-05-03T13:29:49+00:00","og_image":[{"url":"http:\/\/organizadorprofesional.com\/pt\/wp-content\/themes\/advtheme\/imgs\/intro-servicios-oficinasynegocios.jpg","type":"","width":"","height":""}],"twitter_card":"summary_large_image","twitter_misc":{"Tiempo de lectura":"3 minutos"},"schema":{"@context":"https:\/\/schema.org","@graph":[{"@type":"WebPage","@id":"https:\/\/organizadorprofesional.com\/pt\/organizador-de-escritorio-profissional\/","url":"https:\/\/organizadorprofesional.com\/pt\/organizador-de-escritorio-profissional\/","name":"Organizador de escrit\u00f3rio profissional","isPartOf":{"@id":"https:\/\/organizadorprofesional.com\/pt\/#website"},"primaryImageOfPage":{"@id":"https:\/\/organizadorprofesional.com\/pt\/organizador-de-escritorio-profissional\/#primaryimage"},"image":{"@id":"https:\/\/organizadorprofesional.com\/pt\/organizador-de-escritorio-profissional\/#primaryimage"},"thumbnailUrl":"http:\/\/organizadorprofesional.com\/pt\/wp-content\/themes\/advtheme\/imgs\/intro-servicios-oficinasynegocios.jpg","datePublished":"2022-04-11T10:11:24+00:00","dateModified":"2022-05-03T13:29:49+00:00","description":"Contratar os servi\u00e7os de um organizador de escrit\u00f3rio profissional ajuda a organizar os centros de trabalho e otimizar o espa\u00e7o.","breadcrumb":{"@id":"https:\/\/organizadorprofesional.com\/pt\/organizador-de-escritorio-profissional\/#breadcrumb"},"inLanguage":"es","potentialAction":[{"@type":"ReadAction","target":["https:\/\/organizadorprofesional.com\/pt\/organizador-de-escritorio-profissional\/"]}]},{"@type":"ImageObject","inLanguage":"es","@id":"https:\/\/organizadorprofesional.com\/pt\/organizador-de-escritorio-profissional\/#primaryimage","url":"http:\/\/organizadorprofesional.com\/pt\/wp-content\/themes\/advtheme\/imgs\/intro-servicios-oficinasynegocios.jpg","contentUrl":"http:\/\/organizadorprofesional.com\/pt\/wp-content\/themes\/advtheme\/imgs\/intro-servicios-oficinasynegocios.jpg"},{"@type":"BreadcrumbList","@id":"https:\/\/organizadorprofesional.com\/pt\/organizador-de-escritorio-profissional\/#breadcrumb","itemListElement":[{"@type":"ListItem","position":1,"name":"Portada","item":"https:\/\/organizadorprofesional.com\/pt\/"},{"@type":"ListItem","position":2,"name":"Organizador de escrit\u00f3rio profissional"}]},{"@type":"WebSite","@id":"https:\/\/organizadorprofesional.com\/pt\/#website","url":"https:\/\/organizadorprofesional.com\/pt\/","name":"Organizador profissional","description":"Organizador profissional","potentialAction":[{"@type":"SearchAction","target":{"@type":"EntryPoint","urlTemplate":"https:\/\/organizadorprofesional.com\/pt\/?s={search_term_string}"},"query-input":{"@type":"PropertyValueSpecification","valueRequired":true,"valueName":"search_term_string"}}],"inLanguage":"es"}]}},"_links":{"self":[{"href":"https:\/\/organizadorprofesional.com\/pt\/wp-json\/wp\/v2\/pages\/890","targetHints":{"allow":["GET"]}}],"collection":[{"href":"https:\/\/organizadorprofesional.com\/pt\/wp-json\/wp\/v2\/pages"}],"about":[{"href":"https:\/\/organizadorprofesional.com\/pt\/wp-json\/wp\/v2\/types\/page"}],"author":[{"embeddable":true,"href":"https:\/\/organizadorprofesional.com\/pt\/wp-json\/wp\/v2\/users\/6"}],"replies":[{"embeddable":true,"href":"https:\/\/organizadorprofesional.com\/pt\/wp-json\/wp\/v2\/comments?post=890"}],"version-history":[{"count":14,"href":"https:\/\/organizadorprofesional.com\/pt\/wp-json\/wp\/v2\/pages\/890\/revisions"}],"predecessor-version":[{"id":1021,"href":"https:\/\/organizadorprofesional.com\/pt\/wp-json\/wp\/v2\/pages\/890\/revisions\/1021"}],"wp:attachment":[{"href":"https:\/\/organizadorprofesional.com\/pt\/wp-json\/wp\/v2\/media?parent=890"}],"curies":[{"name":"wp","href":"https:\/\/api.w.org\/{rel}","templated":true}]}}