{"id":911,"date":"2022-04-18T08:22:36","date_gmt":"2022-04-18T08:22:36","guid":{"rendered":"http:\/\/organizadorprofesional.com\/pt\/?page_id=911"},"modified":"2025-03-06T08:40:18","modified_gmt":"2025-03-06T08:40:18","slug":"contato","status":"publish","type":"page","link":"https:\/\/organizadorprofesional.com\/pt\/contato\/","title":{"rendered":"Contato"},"content":{"rendered":"\n<section class=\"cabecera-interior contacto\">\n  <article class=\"cuerpo\">\n    <h1>Contato<\/h1>\n  <\/article>\n<\/section>\n<section class=\"intro-contacto\">\n  <article class=\"cuerpo\">\n    <h2 class=\"after center\">Dados de contato<\/h2>\n    <h3>Na GLOBAL estamos \u00e0 sua disposi\u00e7\u00e3o caso tenha alguma d\u00favida ou coment\u00e1rio. Voc\u00ea pode entrar em contato conosco atrav\u00e9s do formul\u00e1rio abaixo, ligue para n\u00f3s por telefone ou escreva-nos um e-mail. Nesta se\u00e7\u00e3o voc\u00ea pode encontrar todas as nossas informa\u00e7\u00f5es de contato. Teremos o maior prazer em ajud\u00e1-lo.<\/h3>\n    <h5 class=\"after center\">Espanha<\/h5>\n    <div class=\"col\">\n      <img decoding=\"async\" src=\"http:\/\/organizadorprofesional.com\/wp-content\/themes\/advtheme\/imgs\/intro-contacto-hora.png\" alt=\"\">\n      <h4>Cronograma<\/h4>\n      <p>Segunda a Sexta<\/p>\n      <p>9:00h a 17:30h<\/p>\n    <\/div>\n    <div class=\"col\">\n      <img decoding=\"async\" src=\"http:\/\/organizadorprofesional.com\/wp-content\/themes\/advtheme\/imgs\/intro-contacto-loc.png\" alt=\"\">\n      <h4>Dire\u00e7\u00e3o<\/h4>\n      <p>Calle Casto Loarce 7, Getafe 28906 Madrid<\/p>\n    <\/div>\n    <div class=\"col\">\n      <img decoding=\"async\" src=\"http:\/\/organizadorprofesional.com\/wp-content\/themes\/advtheme\/imgs\/intro-contacto-tel.png\" alt=\"\">\n      <h4>Tel\u00e9fonos<\/h4>\n      <p>Madrid \u2013 918 093 758<\/p>\n      <p>WhatsApp \u2013 618 912 632<\/p>\n    <\/div>\n    <div class=\"col ultima\">\n      <img decoding=\"async\" src=\"http:\/\/organizadorprofesional.com\/wp-content\/themes\/advtheme\/imgs\/intro-contacto-mail.png\" alt=\"\">\n      <h4>Email<\/h4>\n      <p><a href=\"mailto:info@gcrelo.com\">info@gcrelo.com<\/a><\/p>\n    <\/div>\n    <!-- <h5 class=\"after center margen\">Brasil<\/h5>\n    <div class=\"col\">\n      <img decoding=\"async\" src=\"http:\/\/organizadorprofesional.com\/wp-content\/themes\/advtheme\/imgs\/intro-contacto-loc.png\" alt=\"\">\n      <h4>Dire\u00e7\u00e3o<\/h4>\n      <p>Rua Chagu 83. Analia Franco. Sao Paulo 03357-029<\/p>\n    <\/div>\n    <div class=\"col\">\n      <img decoding=\"async\" src=\"http:\/\/organizadorprofesional.com\/wp-content\/themes\/advtheme\/imgs\/intro-contacto-tel.png\" alt=\"\">\n      <h4>Tel\u00e9fonos<\/h4>\n      <p>+55 11 966521921<\/p>\n    <\/div>\n    <div class=\"col ultima\">\n      <img decoding=\"async\" src=\"http:\/\/organizadorprofesional.com\/wp-content\/themes\/advtheme\/imgs\/intro-contacto-mail.png\" alt=\"\">\n      <h4>Email<\/h4>\n      <p><a href=\"mailto:brasil@organizadorprofesional.com\">brasil@organizadorprofesional.com<\/a><\/p>\n    <\/div> -->\n  <\/article>\n<\/section>\n","protected":false},"excerpt":{"rendered":"<p>Contato Dados de contato Na GLOBAL estamos \u00e0 sua disposi\u00e7\u00e3o caso tenha alguma d\u00favida ou coment\u00e1rio. Voc\u00ea pode entrar em contato conosco atrav\u00e9s do formul\u00e1rio abaixo, ligue para n\u00f3s por telefone ou escreva-nos um e-mail. Nesta se\u00e7\u00e3o voc\u00ea pode encontrar todas as nossas informa\u00e7\u00f5es de contato. Teremos o maior prazer em ajud\u00e1-lo. Espanha Cronograma Segunda [&hellip;]<\/p>\n","protected":false},"author":6,"featured_media":0,"parent":0,"menu_order":0,"comment_status":"closed","ping_status":"closed","template":"","meta":{"footnotes":""},"class_list":["post-911","page","type-page","status-publish","hentry"],"yoast_head":"<!-- This site is optimized with the Yoast SEO plugin v24.9 - https:\/\/yoast.com\/wordpress\/plugins\/seo\/ -->\n<title>Contato - Organizador profissional<\/title>\n<meta name=\"robots\" content=\"index, follow, max-snippet:-1, max-image-preview:large, max-video-preview:-1\" \/>\n<link rel=\"canonical\" href=\"https:\/\/organizadorprofesional.com\/pt\/contato\/\" \/>\n<meta property=\"og:locale\" content=\"es_ES\" \/>\n<meta property=\"og:type\" content=\"article\" \/>\n<meta property=\"og:title\" content=\"Contato - Organizador profissional\" \/>\n<meta property=\"og:description\" content=\"Contato Dados de contato Na GLOBAL estamos \u00e0 sua disposi\u00e7\u00e3o caso tenha alguma d\u00favida ou coment\u00e1rio. Voc\u00ea pode entrar em contato conosco atrav\u00e9s do formul\u00e1rio abaixo, ligue para n\u00f3s por telefone ou escreva-nos um e-mail. Nesta se\u00e7\u00e3o voc\u00ea pode encontrar todas as nossas informa\u00e7\u00f5es de contato. Teremos o maior prazer em ajud\u00e1-lo. Espanha Cronograma Segunda [&hellip;]\" \/>\n<meta property=\"og:url\" content=\"https:\/\/organizadorprofesional.com\/pt\/contato\/\" \/>\n<meta property=\"og:site_name\" content=\"Organizador profissional\" \/>\n<meta property=\"article:modified_time\" content=\"2025-03-06T08:40:18+00:00\" \/>\n<meta property=\"og:image\" content=\"http:\/\/organizadorprofesional.com\/wp-content\/themes\/advtheme\/imgs\/intro-contacto-hora.png\" \/>\n<meta name=\"twitter:card\" content=\"summary_large_image\" \/>\n<meta name=\"twitter:label1\" content=\"Tiempo de lectura\" \/>\n\t<meta name=\"twitter:data1\" content=\"2 minutos\" \/>\n<script type=\"application\/ld+json\" class=\"yoast-schema-graph\">{\"@context\":\"https:\/\/schema.org\",\"@graph\":[{\"@type\":\"WebPage\",\"@id\":\"https:\/\/organizadorprofesional.com\/pt\/contato\/\",\"url\":\"https:\/\/organizadorprofesional.com\/pt\/contato\/\",\"name\":\"Contato - Organizador profissional\",\"isPartOf\":{\"@id\":\"https:\/\/organizadorprofesional.com\/pt\/#website\"},\"primaryImageOfPage\":{\"@id\":\"https:\/\/organizadorprofesional.com\/pt\/contato\/#primaryimage\"},\"image\":{\"@id\":\"https:\/\/organizadorprofesional.com\/pt\/contato\/#primaryimage\"},\"thumbnailUrl\":\"http:\/\/organizadorprofesional.com\/wp-content\/themes\/advtheme\/imgs\/intro-contacto-hora.png\",\"datePublished\":\"2022-04-18T08:22:36+00:00\",\"dateModified\":\"2025-03-06T08:40:18+00:00\",\"breadcrumb\":{\"@id\":\"https:\/\/organizadorprofesional.com\/pt\/contato\/#breadcrumb\"},\"inLanguage\":\"es\",\"potentialAction\":[{\"@type\":\"ReadAction\",\"target\":[\"https:\/\/organizadorprofesional.com\/pt\/contato\/\"]}]},{\"@type\":\"ImageObject\",\"inLanguage\":\"es\",\"@id\":\"https:\/\/organizadorprofesional.com\/pt\/contato\/#primaryimage\",\"url\":\"http:\/\/organizadorprofesional.com\/wp-content\/themes\/advtheme\/imgs\/intro-contacto-hora.png\",\"contentUrl\":\"http:\/\/organizadorprofesional.com\/wp-content\/themes\/advtheme\/imgs\/intro-contacto-hora.png\"},{\"@type\":\"BreadcrumbList\",\"@id\":\"https:\/\/organizadorprofesional.com\/pt\/contato\/#breadcrumb\",\"itemListElement\":[{\"@type\":\"ListItem\",\"position\":1,\"name\":\"Portada\",\"item\":\"https:\/\/organizadorprofesional.com\/pt\/\"},{\"@type\":\"ListItem\",\"position\":2,\"name\":\"Contato\"}]},{\"@type\":\"WebSite\",\"@id\":\"https:\/\/organizadorprofesional.com\/pt\/#website\",\"url\":\"https:\/\/organizadorprofesional.com\/pt\/\",\"name\":\"Organizador profissional\",\"description\":\"Organizador profissional\",\"potentialAction\":[{\"@type\":\"SearchAction\",\"target\":{\"@type\":\"EntryPoint\",\"urlTemplate\":\"https:\/\/organizadorprofesional.com\/pt\/?s={search_term_string}\"},\"query-input\":{\"@type\":\"PropertyValueSpecification\",\"valueRequired\":true,\"valueName\":\"search_term_string\"}}],\"inLanguage\":\"es\"}]}<\/script>\n<!-- \/ Yoast SEO plugin. -->","yoast_head_json":{"title":"Contato - Organizador profissional","robots":{"index":"index","follow":"follow","max-snippet":"max-snippet:-1","max-image-preview":"max-image-preview:large","max-video-preview":"max-video-preview:-1"},"canonical":"https:\/\/organizadorprofesional.com\/pt\/contato\/","og_locale":"es_ES","og_type":"article","og_title":"Contato - Organizador profissional","og_description":"Contato Dados de contato Na GLOBAL estamos \u00e0 sua disposi\u00e7\u00e3o caso tenha alguma d\u00favida ou coment\u00e1rio. Voc\u00ea pode entrar em contato conosco atrav\u00e9s do formul\u00e1rio abaixo, ligue para n\u00f3s por telefone ou escreva-nos um e-mail. Nesta se\u00e7\u00e3o voc\u00ea pode encontrar todas as nossas informa\u00e7\u00f5es de contato. Teremos o maior prazer em ajud\u00e1-lo. Espanha Cronograma Segunda [&hellip;]","og_url":"https:\/\/organizadorprofesional.com\/pt\/contato\/","og_site_name":"Organizador profissional","article_modified_time":"2025-03-06T08:40:18+00:00","og_image":[{"url":"http:\/\/organizadorprofesional.com\/wp-content\/themes\/advtheme\/imgs\/intro-contacto-hora.png","type":"","width":"","height":""}],"twitter_card":"summary_large_image","twitter_misc":{"Tiempo de lectura":"2 minutos"},"schema":{"@context":"https:\/\/schema.org","@graph":[{"@type":"WebPage","@id":"https:\/\/organizadorprofesional.com\/pt\/contato\/","url":"https:\/\/organizadorprofesional.com\/pt\/contato\/","name":"Contato - Organizador profissional","isPartOf":{"@id":"https:\/\/organizadorprofesional.com\/pt\/#website"},"primaryImageOfPage":{"@id":"https:\/\/organizadorprofesional.com\/pt\/contato\/#primaryimage"},"image":{"@id":"https:\/\/organizadorprofesional.com\/pt\/contato\/#primaryimage"},"thumbnailUrl":"http:\/\/organizadorprofesional.com\/wp-content\/themes\/advtheme\/imgs\/intro-contacto-hora.png","datePublished":"2022-04-18T08:22:36+00:00","dateModified":"2025-03-06T08:40:18+00:00","breadcrumb":{"@id":"https:\/\/organizadorprofesional.com\/pt\/contato\/#breadcrumb"},"inLanguage":"es","potentialAction":[{"@type":"ReadAction","target":["https:\/\/organizadorprofesional.com\/pt\/contato\/"]}]},{"@type":"ImageObject","inLanguage":"es","@id":"https:\/\/organizadorprofesional.com\/pt\/contato\/#primaryimage","url":"http:\/\/organizadorprofesional.com\/wp-content\/themes\/advtheme\/imgs\/intro-contacto-hora.png","contentUrl":"http:\/\/organizadorprofesional.com\/wp-content\/themes\/advtheme\/imgs\/intro-contacto-hora.png"},{"@type":"BreadcrumbList","@id":"https:\/\/organizadorprofesional.com\/pt\/contato\/#breadcrumb","itemListElement":[{"@type":"ListItem","position":1,"name":"Portada","item":"https:\/\/organizadorprofesional.com\/pt\/"},{"@type":"ListItem","position":2,"name":"Contato"}]},{"@type":"WebSite","@id":"https:\/\/organizadorprofesional.com\/pt\/#website","url":"https:\/\/organizadorprofesional.com\/pt\/","name":"Organizador profissional","description":"Organizador profissional","potentialAction":[{"@type":"SearchAction","target":{"@type":"EntryPoint","urlTemplate":"https:\/\/organizadorprofesional.com\/pt\/?s={search_term_string}"},"query-input":{"@type":"PropertyValueSpecification","valueRequired":true,"valueName":"search_term_string"}}],"inLanguage":"es"}]}},"_links":{"self":[{"href":"https:\/\/organizadorprofesional.com\/pt\/wp-json\/wp\/v2\/pages\/911","targetHints":{"allow":["GET"]}}],"collection":[{"href":"https:\/\/organizadorprofesional.com\/pt\/wp-json\/wp\/v2\/pages"}],"about":[{"href":"https:\/\/organizadorprofesional.com\/pt\/wp-json\/wp\/v2\/types\/page"}],"author":[{"embeddable":true,"href":"https:\/\/organizadorprofesional.com\/pt\/wp-json\/wp\/v2\/users\/6"}],"replies":[{"embeddable":true,"href":"https:\/\/organizadorprofesional.com\/pt\/wp-json\/wp\/v2\/comments?post=911"}],"version-history":[{"count":16,"href":"https:\/\/organizadorprofesional.com\/pt\/wp-json\/wp\/v2\/pages\/911\/revisions"}],"predecessor-version":[{"id":1049,"href":"https:\/\/organizadorprofesional.com\/pt\/wp-json\/wp\/v2\/pages\/911\/revisions\/1049"}],"wp:attachment":[{"href":"https:\/\/organizadorprofesional.com\/pt\/wp-json\/wp\/v2\/media?parent=911"}],"curies":[{"name":"wp","href":"https:\/\/api.w.org\/{rel}","templated":true}]}}